{"id":30267,"date":"2024-05-02T12:11:31","date_gmt":"2024-05-02T10:11:31","guid":{"rendered":"https:\/\/demo.cservegroup.com\/recruit\/?page_id=30267"},"modified":"2026-03-27T15:05:08","modified_gmt":"2026-03-27T13:05:08","slug":"request-a-quote-mozambique-and-pan-africa","status":"publish","type":"page","link":"https:\/\/www.cservetech.com\/pt\/request-a-quote-mozambique-and-pan-africa\/","title":{"rendered":"Solicite um or\u00e7amento para Mo\u00e7ambique e toda a \u00c1frica."},"content":{"rendered":"<div data-elementor-type=\"wp-page\" data-elementor-id=\"30267\" class=\"elementor elementor-30267\" data-elementor-post-type=\"page\">\n\t\t\t\t\t\t<section data-particle_enable=\"false\" data-particle-mobile-disabled=\"false\" class=\"elementor-section elementor-top-section elementor-element elementor-element-e15668c elementor-section-boxed elementor-section-height-default elementor-section-height-default\" data-id=\"e15668c\" data-element_type=\"section\" data-settings=\"{&quot;background_background&quot;:&quot;classic&quot;}\">\n\t\t\t\t\t\t\t<div class=\"elementor-background-overlay\"><\/div>\n\t\t\t\t\t\t\t<div class=\"elementor-container elementor-column-gap-default\">\n\t\t\t\t\t<div class=\"elementor-column elementor-col-100 elementor-top-column elementor-element elementor-element-58b8f35\" data-id=\"58b8f35\" data-element_type=\"column\">\n\t\t\t<div class=\"elementor-widget-wrap elementor-element-populated\">\n\t\t\t\t\t\t<div class=\"elementor-element elementor-element-e74132d elementor-widget elementor-widget-heading\" data-id=\"e74132d\" data-element_type=\"widget\" data-widget_type=\"heading.default\">\n\t\t\t\t<div class=\"elementor-widget-container\">\n\t\t\t\t\t<h1 class=\"elementor-heading-title elementor-size-large\">Obtenha sua proposta comercial personalizada<\/h1>\t\t\t\t<\/div>\n\t\t\t\t<\/div>\n\t\t\t\t\t<\/div>\n\t\t<\/div>\n\t\t\t\t\t<\/div>\n\t\t<\/section>\n\t\t\t\t<section data-particle_enable=\"false\" data-particle-mobile-disabled=\"false\" class=\"elementor-section elementor-top-section elementor-element elementor-element-53a1c9a other-page-sec-3 elementor-section-boxed elementor-section-height-default elementor-section-height-default\" data-id=\"53a1c9a\" data-element_type=\"section\" id=\"contact-page-sec-form\" data-settings=\"{&quot;background_background&quot;:&quot;classic&quot;}\">\n\t\t\t\t\t\t<div class=\"elementor-container elementor-column-gap-default\">\n\t\t\t\t\t<div class=\"elementor-column elementor-col-100 elementor-top-column elementor-element elementor-element-ed8a834\" data-id=\"ed8a834\" data-element_type=\"column\">\n\t\t\t<div class=\"elementor-widget-wrap elementor-element-populated\">\n\t\t\t\t\t\t<div class=\"elementor-element elementor-element-1e3d669 elementor-widget elementor-widget-heading\" data-id=\"1e3d669\" data-element_type=\"widget\" data-widget_type=\"heading.default\">\n\t\t\t\t<div class=\"elementor-widget-container\">\n\t\t\t\t\t<h3 class=\"elementor-heading-title elementor-size-large\">Envie o formul\u00e1rio para receber uma cota\u00e7\u00e3o e oferta personalizada<\/h3>\t\t\t\t<\/div>\n\t\t\t\t<\/div>\n\t\t\t\t<section data-particle_enable=\"false\" data-particle-mobile-disabled=\"false\" class=\"elementor-section elementor-inner-section elementor-element elementor-element-7e6a116 elementor-section-boxed elementor-section-height-default elementor-section-height-default\" data-id=\"7e6a116\" data-element_type=\"section\">\n\t\t\t\t\t\t<div class=\"elementor-container elementor-column-gap-default\">\n\t\t\t\t\t<div class=\"elementor-column elementor-col-100 elementor-inner-column elementor-element elementor-element-eade8b4\" data-id=\"eade8b4\" data-element_type=\"column\" data-settings=\"{&quot;background_background&quot;:&quot;classic&quot;}\">\n\t\t\t<div class=\"elementor-widget-wrap elementor-element-populated\">\n\t\t\t\t\t\t<div class=\"elementor-element elementor-element-a2f65fc elementor-widget elementor-widget-shortcode\" data-id=\"a2f65fc\" data-element_type=\"widget\" data-widget_type=\"shortcode.default\">\n\t\t\t\t<div class=\"elementor-widget-container\">\n\t\t\t\t\t\t\t<div class=\"elementor-shortcode\"><iframe  width=\"100%\" height=\"1650\" src=\"https:\/\/app.xodox.in\/cservetech\/erp\/flexform\/vf\/7e300d51201961db50199f5e8c3385fa?with_logo=1&v=\" frameborder=\"0\" sandbox=\"allow-top-navigation allow-forms allow-scripts allow-same-origin allow-popups\" allowfullscreen><\/iframe><\/div>\n\t\t\t\t\t\t<\/div>\n\t\t\t\t<\/div>\n\t\t\t\t\t<\/div>\n\t\t<\/div>\n\t\t\t\t\t<\/div>\n\t\t<\/section>\n\t\t\t\t\t<\/div>\n\t\t<\/div>\n\t\t\t\t\t<\/div>\n\t\t<\/section>\n\t\t\t\t<\/div>","protected":false},"excerpt":{"rendered":"<p>Receba sua proposta comercial personalizada. Preencha o formul\u00e1rio para receber um or\u00e7amento e uma oferta sob medida.<\/p>","protected":false},"author":1,"featured_media":0,"parent":0,"menu_order":0,"comment_status":"closed","ping_status":"closed","template":"elementor_header_footer","meta":{"_acf_changed":false,"footnotes":""},"class_list":["post-30267","page","type-page","status-publish","hentry"],"acf":[],"yoast_head":"<!-- This site is optimized with the Yoast SEO plugin v26.3 - https:\/\/yoast.com\/wordpress\/plugins\/seo\/ -->\n<title>#1 Website Design &amp; Software Development Company in Maputo, Mozambique, Africa - Request a quote Mozambique and PAN Africa - #1 Website Design, Software Development, Digital Marketing, Mobile Apps, IT company in Maputo, Mozambique, Africa<\/title>\n<meta name=\"description\" content=\"#1 IT Company of Mozambique is offering Website Design, Corporate Website, ecommerce websites, Cyber Security, Mobile Apps, Digital, Social Media Marketing, Business, Corporate Emails, Domain, Hostings, Servers, in low cost. #1 Website Design, Software Development, Digital Marketing, Mobile Apps, IT company in Maputo, Mozambique, Africa - Request a quote Mozambique and PAN Africa\" \/>\n<meta name=\"robots\" content=\"index, follow, max-snippet:-1, max-image-preview:large, max-video-preview:-1\" \/>\n<link rel=\"canonical\" href=\"https:\/\/www.cservetech.com\/pt\/request-a-quote-mozambique-and-pan-africa\/\" \/>\n<meta property=\"og:locale\" content=\"pt_PT\" \/>\n<meta property=\"og:type\" content=\"article\" \/>\n<meta property=\"og:title\" content=\"#1 Website Design &amp; Software Development Company in Maputo, Mozambique, Africa - Request a quote Mozambique and PAN Africa - #1 Website Design, Software Development, Digital Marketing, Mobile Apps, IT company in Maputo, Mozambique, Africa\" \/>\n<meta property=\"og:description\" content=\"#1 IT Company of Mozambique is offering Website Design, Corporate Website, ecommerce websites, Cyber Security, Mobile Apps, Digital, Social Media Marketing, Business, Corporate Emails, Domain, Hostings, Servers, in low cost. #1 Website Design, Software Development, Digital Marketing, Mobile Apps, IT company in Maputo, Mozambique, Africa - Request a quote Mozambique and PAN Africa\" \/>\n<meta property=\"og:url\" content=\"https:\/\/www.cservetech.com\/pt\/request-a-quote-mozambique-and-pan-africa\/\" \/>\n<meta property=\"og:site_name\" content=\"#1 Website Design, Software Development, Digital Marketing, Mobile Apps, IT company in Maputo, Mozambique, Africa\" \/>\n<meta property=\"article:publisher\" content=\"https:\/\/www.facebook.com\/cservetech\/\" \/>\n<meta property=\"article:modified_time\" content=\"2026-03-27T13:05:08+00:00\" \/>\n<meta property=\"og:image\" content=\"https:\/\/www.cservetech.com\/wp-content\/uploads\/2024\/04\/4018adb0-a163-44cb-85ce-35cfcd9e6cca-e1739533136262.jpeg\" \/>\n\t<meta property=\"og:image:width\" content=\"400\" \/>\n\t<meta property=\"og:image:height\" content=\"118\" \/>\n\t<meta property=\"og:image:type\" content=\"image\/jpeg\" \/>\n<meta name=\"twitter:card\" content=\"summary_large_image\" \/>\n<meta name=\"twitter:site\" content=\"@cserve9\" \/>\n<meta name=\"twitter:label1\" content=\"Tempo estimado de leitura\" \/>\n\t<meta name=\"twitter:data1\" content=\"1 minuto\" \/>\n<script type=\"application\/ld+json\" class=\"yoast-schema-graph\">{\"@context\":\"https:\/\/schema.org\",\"@graph\":[{\"@type\":\"WebPage\",\"@id\":\"https:\/\/www.cservetech.com\/request-a-quote-mozambique-and-pan-africa\/\",\"url\":\"https:\/\/www.cservetech.com\/request-a-quote-mozambique-and-pan-africa\/\",\"name\":\"#1 Website Design & Software Development Company in Maputo, Mozambique, Africa - Request a quote Mozambique and PAN Africa - #1 Website Design, Software Development, Digital Marketing, Mobile Apps, IT company in Maputo, Mozambique, Africa\",\"isPartOf\":{\"@id\":\"https:\/\/www.cservetech.com\/#website\"},\"datePublished\":\"2024-05-02T10:11:31+00:00\",\"dateModified\":\"2026-03-27T13:05:08+00:00\",\"description\":\"#1 IT Company of Mozambique is offering Website Design, Corporate Website, ecommerce websites, Cyber Security, Mobile Apps, Digital, Social Media Marketing, Business, Corporate Emails, Domain, Hostings, Servers, in low cost. #1 Website Design, Software Development, Digital Marketing, Mobile Apps, IT company in Maputo, Mozambique, Africa - Request a quote Mozambique and PAN Africa\",\"breadcrumb\":{\"@id\":\"https:\/\/www.cservetech.com\/request-a-quote-mozambique-and-pan-africa\/#breadcrumb\"},\"inLanguage\":\"pt-PT\",\"potentialAction\":[{\"@type\":\"ReadAction\",\"target\":[\"https:\/\/www.cservetech.com\/request-a-quote-mozambique-and-pan-africa\/\"]}]},{\"@type\":\"BreadcrumbList\",\"@id\":\"https:\/\/www.cservetech.com\/request-a-quote-mozambique-and-pan-africa\/#breadcrumb\",\"itemListElement\":[{\"@type\":\"ListItem\",\"position\":1,\"name\":\"|\",\"item\":\"https:\/\/www.cservetech.com\/\"},{\"@type\":\"ListItem\",\"position\":2,\"name\":\"Request a quote Mozambique and PAN Africa\"}]},{\"@type\":\"WebSite\",\"@id\":\"https:\/\/www.cservetech.com\/#website\",\"url\":\"https:\/\/www.cservetech.com\/\",\"name\":\"#1 Website Design, Software Development, Digital Marketing, Mobile Apps, IT company in India, Maputo, Mozambique, Africa\",\"description\":\"Cserve Technologies- Best Website and Software Development Company In India, Maputo, Mozambique, Africa\",\"publisher\":{\"@id\":\"https:\/\/www.cservetech.com\/#organization\"},\"alternateName\":\"Best Website Design, Software Development and Digital Marketing Company in India, Maputo, Mozambique, Africa\",\"potentialAction\":[{\"@type\":\"SearchAction\",\"target\":{\"@type\":\"EntryPoint\",\"urlTemplate\":\"https:\/\/www.cservetech.com\/?s={search_term_string}\"},\"query-input\":{\"@type\":\"PropertyValueSpecification\",\"valueRequired\":true,\"valueName\":\"search_term_string\"}}],\"inLanguage\":\"pt-PT\"},{\"@type\":\"Organization\",\"@id\":\"https:\/\/www.cservetech.com\/#organization\",\"name\":\"Cserve Technologies\",\"url\":\"https:\/\/www.cservetech.com\/\",\"logo\":{\"@type\":\"ImageObject\",\"inLanguage\":\"pt-PT\",\"@id\":\"https:\/\/www.cservetech.com\/#\/schema\/logo\/image\/\",\"url\":\"https:\/\/www.cservetech.com\/wp-content\/uploads\/2022\/02\/Favicon.png\",\"contentUrl\":\"https:\/\/www.cservetech.com\/wp-content\/uploads\/2022\/02\/Favicon.png\",\"width\":160,\"height\":210,\"caption\":\"Cserve Technologies\"},\"image\":{\"@id\":\"https:\/\/www.cservetech.com\/#\/schema\/logo\/image\/\"},\"sameAs\":[\"https:\/\/www.facebook.com\/cservetech\/\",\"https:\/\/x.com\/cserve9\",\"https:\/\/www.linkedin.com\/company\/cservetech\/\"]}]}<\/script>\n<!-- \/ Yoast SEO plugin. -->","yoast_head_json":{"title":"#1 Empresa de Design de Websites e Desenvolvimento de Software em Maputo, Mo\u00e7ambique, \u00c1frica - Solicite um or\u00e7amento Mo\u00e7ambique e toda a \u00c1frica - #1 Empresa de Design de Websites, Desenvolvimento de Software, Marketing Digital, Aplicativos M\u00f3veis e TI em Maputo, Mo\u00e7ambique, \u00c1frica","description":"A empresa de TI #1, de Mo\u00e7ambique, oferece servi\u00e7os de design de websites, websites corporativos, websites de e-commerce, ciberseguran\u00e7a, aplicativos m\u00f3veis, marketing digital e em redes sociais, e-mails corporativos e empresariais, registro de dom\u00ednios, hospedagem e servidores a pre\u00e7os acess\u00edveis. A #1 \u00e9 uma empresa de TI especializada em design de websites, desenvolvimento de software, marketing digital e aplicativos m\u00f3veis, localizada em Maputo, Mo\u00e7ambique, \u00c1frica. Solicite um or\u00e7amento para Mo\u00e7ambique e toda a \u00c1frica.","robots":{"index":"index","follow":"follow","max-snippet":"max-snippet:-1","max-image-preview":"max-image-preview:large","max-video-preview":"max-video-preview:-1"},"canonical":"https:\/\/www.cservetech.com\/pt\/request-a-quote-mozambique-and-pan-africa\/","og_locale":"pt_PT","og_type":"article","og_title":"#1 Website Design & Software Development Company in Maputo, Mozambique, Africa - Request a quote Mozambique and PAN Africa - #1 Website Design, Software Development, Digital Marketing, Mobile Apps, IT company in Maputo, Mozambique, Africa","og_description":"#1 IT Company of Mozambique is offering Website Design, Corporate Website, ecommerce websites, Cyber Security, Mobile Apps, Digital, Social Media Marketing, Business, Corporate Emails, Domain, Hostings, Servers, in low cost. #1 Website Design, Software Development, Digital Marketing, Mobile Apps, IT company in Maputo, Mozambique, Africa - Request a quote Mozambique and PAN Africa","og_url":"https:\/\/www.cservetech.com\/pt\/request-a-quote-mozambique-and-pan-africa\/","og_site_name":"#1 Website Design, Software Development, Digital Marketing, Mobile Apps, IT company in Maputo, Mozambique, Africa","article_publisher":"https:\/\/www.facebook.com\/cservetech\/","article_modified_time":"2026-03-27T13:05:08+00:00","og_image":[{"width":400,"height":118,"url":"https:\/\/www.cservetech.com\/wp-content\/uploads\/2024\/04\/4018adb0-a163-44cb-85ce-35cfcd9e6cca-e1739533136262.jpeg","type":"image\/jpeg"}],"twitter_card":"summary_large_image","twitter_site":"@cserve9","twitter_misc":{"Tempo estimado de leitura":"1 minuto"},"schema":{"@context":"https:\/\/schema.org","@graph":[{"@type":"WebPage","@id":"https:\/\/www.cservetech.com\/request-a-quote-mozambique-and-pan-africa\/","url":"https:\/\/www.cservetech.com\/request-a-quote-mozambique-and-pan-africa\/","name":"#1 Empresa de Design de Websites e Desenvolvimento de Software em Maputo, Mo\u00e7ambique, \u00c1frica - Solicite um or\u00e7amento Mo\u00e7ambique e toda a \u00c1frica - #1 Empresa de Design de Websites, Desenvolvimento de Software, Marketing Digital, Aplicativos M\u00f3veis e TI em Maputo, Mo\u00e7ambique, \u00c1frica","isPartOf":{"@id":"https:\/\/www.cservetech.com\/#website"},"datePublished":"2024-05-02T10:11:31+00:00","dateModified":"2026-03-27T13:05:08+00:00","description":"A empresa de TI #1, de Mo\u00e7ambique, oferece servi\u00e7os de design de websites, websites corporativos, websites de e-commerce, ciberseguran\u00e7a, aplicativos m\u00f3veis, marketing digital e em redes sociais, e-mails corporativos e empresariais, registro de dom\u00ednios, hospedagem e servidores a pre\u00e7os acess\u00edveis. A #1 \u00e9 uma empresa de TI especializada em design de websites, desenvolvimento de software, marketing digital e aplicativos m\u00f3veis, localizada em Maputo, Mo\u00e7ambique, \u00c1frica. Solicite um or\u00e7amento para Mo\u00e7ambique e toda a \u00c1frica.","breadcrumb":{"@id":"https:\/\/www.cservetech.com\/request-a-quote-mozambique-and-pan-africa\/#breadcrumb"},"inLanguage":"pt-PT","potentialAction":[{"@type":"ReadAction","target":["https:\/\/www.cservetech.com\/request-a-quote-mozambique-and-pan-africa\/"]}]},{"@type":"BreadcrumbList","@id":"https:\/\/www.cservetech.com\/request-a-quote-mozambique-and-pan-africa\/#breadcrumb","itemListElement":[{"@type":"ListItem","position":1,"name":"|","item":"https:\/\/www.cservetech.com\/"},{"@type":"ListItem","position":2,"name":"Request a quote Mozambique and PAN Africa"}]},{"@type":"WebSite","@id":"https:\/\/www.cservetech.com\/#website","url":"https:\/\/www.cservetech.com\/","name":"#1 Design de sites, desenvolvimento de software, marketing digital, aplicativos m\u00f3veis, empresa de TI na \u00cdndia, Maputo, Mo\u00e7ambique, \u00c1frica","description":"Cserve Technologies - Melhor empresa de desenvolvimento de sites e software na \u00cdndia, Maputo, Mo\u00e7ambique e \u00c1frica","publisher":{"@id":"https:\/\/www.cservetech.com\/#organization"},"alternateName":"Best Website Design, Software Development and Digital Marketing Company in India, Maputo, Mozambique, Africa","potentialAction":[{"@type":"SearchAction","target":{"@type":"EntryPoint","urlTemplate":"https:\/\/www.cservetech.com\/?s={search_term_string}"},"query-input":{"@type":"PropertyValueSpecification","valueRequired":true,"valueName":"search_term_string"}}],"inLanguage":"pt-PT"},{"@type":"Organization","@id":"https:\/\/www.cservetech.com\/#organization","name":"Cserv Technologies","url":"https:\/\/www.cservetech.com\/","logo":{"@type":"ImageObject","inLanguage":"pt-PT","@id":"https:\/\/www.cservetech.com\/#\/schema\/logo\/image\/","url":"https:\/\/www.cservetech.com\/wp-content\/uploads\/2022\/02\/Favicon.png","contentUrl":"https:\/\/www.cservetech.com\/wp-content\/uploads\/2022\/02\/Favicon.png","width":160,"height":210,"caption":"Cserve Technologies"},"image":{"@id":"https:\/\/www.cservetech.com\/#\/schema\/logo\/image\/"},"sameAs":["https:\/\/www.facebook.com\/cservetech\/","https:\/\/x.com\/cserve9","https:\/\/www.linkedin.com\/company\/cservetech\/"]}]}},"_links":{"self":[{"href":"https:\/\/www.cservetech.com\/pt\/wp-json\/wp\/v2\/pages\/30267","targetHints":{"allow":["GET"]}}],"collection":[{"href":"https:\/\/www.cservetech.com\/pt\/wp-json\/wp\/v2\/pages"}],"about":[{"href":"https:\/\/www.cservetech.com\/pt\/wp-json\/wp\/v2\/types\/page"}],"author":[{"embeddable":true,"href":"https:\/\/www.cservetech.com\/pt\/wp-json\/wp\/v2\/users\/1"}],"replies":[{"embeddable":true,"href":"https:\/\/www.cservetech.com\/pt\/wp-json\/wp\/v2\/comments?post=30267"}],"version-history":[{"count":9,"href":"https:\/\/www.cservetech.com\/pt\/wp-json\/wp\/v2\/pages\/30267\/revisions"}],"predecessor-version":[{"id":39864,"href":"https:\/\/www.cservetech.com\/pt\/wp-json\/wp\/v2\/pages\/30267\/revisions\/39864"}],"wp:attachment":[{"href":"https:\/\/www.cservetech.com\/pt\/wp-json\/wp\/v2\/media?parent=30267"}],"curies":[{"name":"wp","href":"https:\/\/api.w.org\/{rel}","templated":true}]}}