{"id":32375,"date":"2024-07-24T12:20:23","date_gmt":"2024-07-24T10:20:23","guid":{"rendered":"https:\/\/www.cservetech.com\/?page_id=32375"},"modified":"2025-07-23T09:32:26","modified_gmt":"2025-07-23T07:32:26","slug":"our-privacy-policy","status":"publish","type":"page","link":"https:\/\/www.cservetech.com\/pt\/our-privacy-policy\/","title":{"rendered":"pol\u00edtica de Privacidade"},"content":{"rendered":"<div data-elementor-type=\"wp-page\" data-elementor-id=\"32375\" class=\"elementor elementor-32375\" data-elementor-post-type=\"page\">\n\t\t\t\t\t\t<section data-particle_enable=\"false\" data-particle-mobile-disabled=\"false\" class=\"elementor-section elementor-top-section elementor-element elementor-element-36e660cf elementor-section-boxed elementor-section-height-default elementor-section-height-default\" data-id=\"36e660cf\" data-element_type=\"section\">\n\t\t\t\t\t\t<div class=\"elementor-container elementor-column-gap-default\">\n\t\t\t\t\t<div class=\"elementor-column elementor-col-100 elementor-top-column elementor-element elementor-element-52f69ed5\" data-id=\"52f69ed5\" data-element_type=\"column\">\n\t\t\t<div class=\"elementor-widget-wrap elementor-element-populated\">\n\t\t\t\t\t\t<div class=\"elementor-element elementor-element-70939b84 elementor-widget elementor-widget-text-editor\" data-id=\"70939b84\" data-element_type=\"widget\" data-widget_type=\"text-editor.default\">\n\t\t\t\t<div class=\"elementor-widget-container\">\n\t\t\t\t\t\t\t\t\t<p><strong><a href=\"https:\/\/www.cservetech.com\/pt\/\">Cserv Technologies<\/a><\/strong> \u00e9 um <strong>Marca mais confi\u00e1vel em tecnologia<\/strong>\u201d pelo Ministro da Ind\u00fastria e Com\u00e9rcio, e a Cserve Technologies est\u00e1 listada como\u201c<strong>As 10 melhores empresas de desenvolvimento de sites e software na \u00c1frica<\/strong>\u201d, com sede africana em Maputo, Mo\u00e7ambique, e centro global na \u00cdndia. Somos uma <strong>Empresa l\u00edder em desenvolvimento web em \u00c1frica<\/strong>, e globalmente, e presente na \u00cdndia, \u00c1frica, com nosso revendedor ramificado no resto do mundo. Acreditamos que a privacidade \u00e9 uma quest\u00e3o importante para qualquer neg\u00f3cio, portanto, desenvolvemos pol\u00edticas de privacidade e implementamos medidas de privacidade para garantir que os clientes possam usar nossos servi\u00e7os com confian\u00e7a.<br \/>Preparamos esta declara\u00e7\u00e3o de privacidade principalmente para explicar nossas pr\u00e1ticas comerciais aos visitantes. Queremos deixar os usu\u00e1rios cientes de como coletamos e utilizamos seus dados quando eles navegam em nosso site. Estamos comprometidos com nossos visitantes e empregamos tecnologia de ponta para garantir a seguran\u00e7a de seus dados.<\/p><p>Esta Pol\u00edtica de Privacidade descreve os direitos e obriga\u00e7\u00f5es do usu\u00e1rio, bem como as especifica\u00e7\u00f5es sobre as informa\u00e7\u00f5es pessoais que coletamos e como as usamos. Ao usar ou acessar o site ou nos fornecer informa\u00e7\u00f5es pessoais, voc\u00ea concorda com os termos desta declara\u00e7\u00e3o de privacidade.<\/p><p><strong>Coleta de dados do usu\u00e1rio<\/strong><br \/>N\u00e3o coletaremos nenhuma informa\u00e7\u00e3o pessoal de usu\u00e1rios que visitarem nosso site sem sua permiss\u00e3o. Ap\u00f3s os visitantes nos darem seu consentimento, coletamos informa\u00e7\u00f5es incluindo nome, informa\u00e7\u00f5es de contato, endere\u00e7o de e-mail, localiza\u00e7\u00e3o e assim por diante por meio de v\u00e1rios canais com base nos servi\u00e7os que eles selecionam.<\/p><p><strong>Registro de atividade do usu\u00e1rio<\/strong><br \/>N\u00f3s nos esfor\u00e7amos para dar aos nossos visitantes a melhor experi\u00eancia de usu\u00e1rio poss\u00edvel. Como resultado, quando algu\u00e9m visita nosso site, coletamos informa\u00e7\u00f5es sobre eles. Al\u00e9m disso, rastreamos cada a\u00e7\u00e3o tomada por um visitante em nosso site. Isso abrange o n\u00famero de p\u00e1ginas visualizadas pelo usu\u00e1rio, bem como o tempo gasto em cada p\u00e1gina.<\/p><p><strong>Acordo do Usu\u00e1rio com a Declara\u00e7\u00e3o de Privacidade<\/strong><br \/>Nossa pol\u00edtica de privacidade \u00e9 limitada \u00e0 permiss\u00e3o do usu\u00e1rio e, ao usar nosso site ou servi\u00e7os, voc\u00ea implicitamente concorda em cumpri-la. A declara\u00e7\u00e3o de privacidade est\u00e1 sujeita a revis\u00e3o peri\u00f3dica por <strong>Cserve Tecnologias.<\/strong> Para ver o site atualizado, visite-nos com frequ\u00eancia.<\/p><p><strong>Por que coletamos dados do usu\u00e1rio<\/strong><br \/>Coletamos dados do usu\u00e1rio sob medidas de seguran\u00e7a para garantir que determinada ger\u00eancia tenha acesso \u00e0s informa\u00e7\u00f5es, o que ser\u00e1 empregado para proporcionar melhores experi\u00eancias ao usu\u00e1rio.<br \/>Al\u00e9m disso, os dados auxiliam a determinar se o usu\u00e1rio \u00e9 leg\u00edtimo ou fraudulento para evitar fraudes comerciais. Os dados s\u00e3o importantes no marketing, pois permitem que as empresas examinem tend\u00eancias e requisitos do setor, pesquisas estat\u00edsticas, pesquisas de clientes e perfis de clientes.<\/p><p><strong>Como usamos os dados do usu\u00e1rio<\/strong><br \/>Nossa pol\u00edtica de privacidade \u00e9 formulada para garantir que o tratamento de dados do usu\u00e1rio siga regras seguras e esteja em conformidade com a lei de prote\u00e7\u00e3o de dados. Nossa pol\u00edtica de privacidade \u00e9 projetada para garantir que o tratamento de dados do usu\u00e1rio siga procedimentos seguros e esteja em conformidade com a lei de prote\u00e7\u00e3o de dados. Para oferecer nossos servi\u00e7os aos usu\u00e1rios, precisamos processar seus dados pessoais. Ap\u00f3s a aceita\u00e7\u00e3o dos termos de nossa pol\u00edtica pelo usu\u00e1rio, trataremos os dados de acordo com nossa pol\u00edtica. Al\u00e9m disso, o usu\u00e1rio tem a op\u00e7\u00e3o de entrar em contato conosco a qualquer momento para retirar seu consentimento para o processamento de seus dados.<\/p><p><strong>Privacidade das crian\u00e7as<\/strong><br \/>Nosso Servi\u00e7o n\u00e3o se dirige a ningu\u00e9m com menos de 13 anos. N\u00e3o coletamos intencionalmente informa\u00e7\u00f5es pessoalmente identific\u00e1veis de ningu\u00e9m com menos de 13 anos. Se Voc\u00ea for pai\/m\u00e3e ou respons\u00e1vel e estiver ciente de que Seu filho Nos forneceu Dados Pessoais, entre em contato Conosco. Se tomarmos conhecimento de que coletamos Dados Pessoais de algu\u00e9m com menos de 13 anos sem verifica\u00e7\u00e3o do consentimento dos pais, tomaremos medidas para remover essas informa\u00e7\u00f5es de Nossos servidores.<\/p><p>Se precisarmos confiar no consentimento como base legal para processar suas informa\u00e7\u00f5es e seu pa\u00eds exigir o consentimento de um dos pais, poderemos exigir o consentimento dos seus pais antes de coletar e usar essas informa\u00e7\u00f5es.<\/p><p><strong>Links para outros sites<\/strong><br \/>Nosso Servi\u00e7o pode conter links para outros sites que n\u00e3o s\u00e3o operados por N\u00f3s. Se Voc\u00ea clicar em um link de terceiros, Voc\u00ea ser\u00e1 direcionado para o site desse terceiro. N\u00f3s recomendamos fortemente que Voc\u00ea revise a Pol\u00edtica de Privacidade de cada site que Voc\u00ea visita. N\u00f3s n\u00e3o temos controle e n\u00e3o assumimos nenhuma responsabilidade pelo conte\u00fado, pol\u00edticas de privacidade ou pr\u00e1ticas de quaisquer sites ou servi\u00e7os de terceiros.<\/p><p>Informaremos voc\u00ea por e-mail e\/ou um aviso destacado em Nosso Servi\u00e7o, antes que a altera\u00e7\u00e3o entre em vigor e atualizaremos a data da \u201c\u00daltima atualiza\u00e7\u00e3o\u201d no topo desta Pol\u00edtica de Privacidade.<\/p><p>\u00c9 aconselh\u00e1vel que voc\u00ea revise esta Pol\u00edtica de Privacidade periodicamente para quaisquer altera\u00e7\u00f5es. As altera\u00e7\u00f5es a esta Pol\u00edtica de Privacidade entram em vigor quando s\u00e3o publicadas nesta p\u00e1gina.<\/p><p><strong>Como a Cserve Technologies usa e compartilha essas informa\u00e7\u00f5es<\/strong><\/p><p><strong>Para se envolver em transa\u00e7\u00f5es:<\/strong><br \/>Podemos usar informa\u00e7\u00f5es pessoais, como nome, endere\u00e7o f\u00edsico, n\u00famero de telefone, endere\u00e7o de e-mail e empresa para realizar transa\u00e7\u00f5es com voc\u00ea, inclusive entrando em contato sobre seu pedido.<\/p><p><strong>Para fornecer suporte ou outros servi\u00e7os:<\/strong><br \/>Podemos usar suas informa\u00e7\u00f5es pessoais para fornecer suporte ou outros servi\u00e7os que voc\u00ea solicitou, bem como atualiza\u00e7\u00f5es de produtos, patches e corre\u00e7\u00f5es de produtos e outras comunica\u00e7\u00f5es semelhantes.<\/p><p><strong>Para postar depoimentos:<\/strong><br \/>Publicamos depoimentos em nosso <strong>Sites da Cserve Technologies<\/strong> que pode conter informa\u00e7\u00f5es pessoais. Antes de postar o depoimento, obtemos o consentimento do cliente para postar seu nome junto com seu depoimento.<\/p><p><strong>Para cumprir com os requisitos legais:<\/strong><br \/>A Cserve Technologies pode exigir a divulga\u00e7\u00e3o de suas informa\u00e7\u00f5es pessoais para cumprir com relat\u00f3rios, divulga\u00e7\u00e3o ou outros requisitos de processo legal obrigat\u00f3rios. Usaremos esfor\u00e7os razo\u00e1veis para limitar as informa\u00e7\u00f5es pessoais que ela fornece para esses prop\u00f3sitos.<\/p><p><strong>Mudan\u00e7as na pol\u00edtica<\/strong><br \/>A Cserve Technologies ocasionalmente atualizar\u00e1 esta pol\u00edtica de privacidade. Quando o fizermos, publicaremos um aviso destacado nesta se\u00e7\u00e3o desta pol\u00edtica notificando os usu\u00e1rios quando ela for atualizada. Se formos usar suas informa\u00e7\u00f5es pessoais de uma maneira diferente daquela declarada no momento da coleta, n\u00f3s o notificaremos por e-mail, e voc\u00ea ter\u00e1 a op\u00e7\u00e3o de usar ou n\u00e3o suas informa\u00e7\u00f5es pessoais dessa maneira diferente.<\/p><p><strong>Compartilhamento de dados de terceiros<\/strong><br \/>Nossa pol\u00edtica inclui diretrizes r\u00edgidas para disseminar dados e troc\u00e1-los com canais de terceiros, com medidas de seguran\u00e7a somente quando absolutamente necess\u00e1rio. Se ag\u00eancias regulamentadas pelo governo solicitarem, somos obrigados a divulgar dados do usu\u00e1rio. Al\u00e9m disso, nossos parceiros comerciais s\u00e3o respons\u00e1veis por fornecer servi\u00e7os a eles. Al\u00e9m disso, somos obrigados a revelar dados do usu\u00e1rio no caso de um processo legal dentro do escopo do m\u00e9todo seguro.<\/p><p><strong>Protocolo de prote\u00e7\u00e3o do usu\u00e1rio<\/strong><br \/>Em conformidade com o Right Act, podemos oferecer informa\u00e7\u00f5es aos usu\u00e1rios sob demanda. Somos obrigados a entregar o documento quando os usu\u00e1rios desejam acessar suas informa\u00e7\u00f5es. Al\u00e9m disso, os usu\u00e1rios t\u00eam o direito de se opor ao processamento de dados a qualquer momento se sentirem que podem incorrer em perdas ou danos como resultado disso. Al\u00e9m disso, os usu\u00e1rios podem buscar restitui\u00e7\u00e3o por viola\u00e7\u00f5es da lei. A qualquer momento, os usu\u00e1rios podem buscar a atualiza\u00e7\u00e3o de suas informa\u00e7\u00f5es para aproveitar nossos servi\u00e7os.<\/p><p><strong>Mantendo os dados confidenciais<\/strong><br \/>A Cserve Technologies prioriza a implementa\u00e7\u00e3o de medidas robustas de seguran\u00e7a de dados para preservar a m\u00e1xima confidencialidade dos dados. Para evitar a exposi\u00e7\u00e3o a riscos, nossas medidas de seguran\u00e7a garantem que os dados do usu\u00e1rio n\u00e3o tenham permiss\u00e3o para serem acessados por nenhuma pessoa ou organiza\u00e7\u00e3o. Para fornecer um melhor servi\u00e7o, nossos bancos de dados s\u00e3o protegidos adequadamente usando tecnologia de ponta. Garantimos que ningu\u00e9m, nem mesmo nossos clientes, divulgue nenhuma informa\u00e7\u00e3o para aumentar sua seguran\u00e7a.<\/p><p><strong>Coleta de cookies do navegador<\/strong><br \/>Nossas pol\u00edticas de privacidade nos permitem coletar cookies dos navegadores dos visitantes do site. Planejamos coletar cookies para melhorar a experi\u00eancia de uso dos nossos visitantes. Continue lendo para obter mais informa\u00e7\u00f5es sobre nossa pol\u00edtica de cookies.<\/p><p><strong>Contate-nos:<\/strong><br \/>Se voc\u00ea tiver alguma d\u00favida sobre nossas pol\u00edticas de privacidade, ficaremos felizes em respond\u00ea-las. Voc\u00ea pode entrar em contato com o Suporte para obter mais informa\u00e7\u00f5es. Investigaremos quaisquer reclama\u00e7\u00f5es recebidas por escrito e faremos o poss\u00edvel para resolv\u00ea-las com voc\u00ea o mais r\u00e1pido poss\u00edvel.<\/p>\t\t\t\t\t\t\t\t<\/div>\n\t\t\t\t<\/div>\n\t\t\t\t\t<\/div>\n\t\t<\/div>\n\t\t\t\t\t<\/div>\n\t\t<\/section>\n\t\t\t\t<\/div>","protected":false},"excerpt":{"rendered":"<p>A Cserve Technologies \u00e9 uma &quot;Marca de Tecnologia de Alta Confiabilidade&quot;, segundo o Ministro da Ind\u00fastria e Com\u00e9rcio, e est\u00e1 listada entre as &quot;10 Melhores Empresas de Desenvolvimento de Websites e Software da \u00c1frica&quot;, com sede africana em Maputo, Mo\u00e7ambique, e centro global na \u00cdndia. Somos uma empresa l\u00edder em desenvolvimento web na \u00c1frica e no mundo, e [...]<\/p>","protected":false},"author":2,"featured_media":0,"parent":0,"menu_order":0,"comment_status":"closed","ping_status":"closed","template":"","meta":{"_acf_changed":false,"footnotes":""},"class_list":["post-32375","page","type-page","status-publish","hentry"],"acf":[],"yoast_head":"<!-- This site is optimized with the Yoast SEO plugin v26.3 - https:\/\/yoast.com\/wordpress\/plugins\/seo\/ -->\n<title>Privacy &amp; Policy - Cserve Technologies<\/title>\n<meta name=\"description\" content=\"Read the Privacy Policy of Cserve Technologies to learn how we collect, use, and protect your personal information. Your privacy is our priority. #1 IT Company\" \/>\n<meta name=\"robots\" content=\"index, follow, max-snippet:-1, max-image-preview:large, max-video-preview:-1\" \/>\n<link rel=\"canonical\" href=\"https:\/\/www.cservetech.com\/pt\/our-privacy-policy\/\" \/>\n<meta property=\"og:locale\" content=\"pt_PT\" \/>\n<meta property=\"og:type\" content=\"article\" \/>\n<meta property=\"og:title\" content=\"Privacy &amp; Policy - Cserve Technologies\" \/>\n<meta property=\"og:description\" content=\"Read the Privacy Policy of Cserve Technologies to learn how we collect, use, and protect your personal information. Your privacy is our priority. #1 IT Company\" \/>\n<meta property=\"og:url\" content=\"https:\/\/www.cservetech.com\/pt\/our-privacy-policy\/\" \/>\n<meta property=\"og:site_name\" content=\"#1 Website Design, Software Development, Digital Marketing, Mobile Apps, IT company in Maputo, Mozambique, Africa\" \/>\n<meta property=\"article:publisher\" content=\"https:\/\/www.facebook.com\/cservetech\/\" \/>\n<meta property=\"article:modified_time\" content=\"2025-07-23T07:32:26+00:00\" \/>\n<meta property=\"og:image\" content=\"https:\/\/www.cservetech.com\/wp-content\/uploads\/2024\/04\/4018adb0-a163-44cb-85ce-35cfcd9e6cca-e1739533136262.jpeg\" \/>\n\t<meta property=\"og:image:width\" content=\"400\" \/>\n\t<meta property=\"og:image:height\" content=\"118\" \/>\n\t<meta property=\"og:image:type\" content=\"image\/jpeg\" \/>\n<meta name=\"twitter:card\" content=\"summary_large_image\" \/>\n<meta name=\"twitter:site\" content=\"@cserve9\" \/>\n<meta name=\"twitter:label1\" content=\"Tempo estimado de leitura\" \/>\n\t<meta name=\"twitter:data1\" content=\"6 minutos\" \/>\n<script type=\"application\/ld+json\" class=\"yoast-schema-graph\">{\"@context\":\"https:\/\/schema.org\",\"@graph\":[{\"@type\":\"WebPage\",\"@id\":\"https:\/\/www.cservetech.com\/our-privacy-policy\/\",\"url\":\"https:\/\/www.cservetech.com\/our-privacy-policy\/\",\"name\":\"Privacy & Policy - Cserve Technologies\",\"isPartOf\":{\"@id\":\"https:\/\/www.cservetech.com\/#website\"},\"datePublished\":\"2024-07-24T10:20:23+00:00\",\"dateModified\":\"2025-07-23T07:32:26+00:00\",\"description\":\"Read the Privacy Policy of Cserve Technologies to learn how we collect, use, and protect your personal information. Your privacy is our priority. #1 IT Company\",\"breadcrumb\":{\"@id\":\"https:\/\/www.cservetech.com\/our-privacy-policy\/#breadcrumb\"},\"inLanguage\":\"pt-PT\",\"potentialAction\":[{\"@type\":\"ReadAction\",\"target\":[\"https:\/\/www.cservetech.com\/our-privacy-policy\/\"]}]},{\"@type\":\"BreadcrumbList\",\"@id\":\"https:\/\/www.cservetech.com\/our-privacy-policy\/#breadcrumb\",\"itemListElement\":[{\"@type\":\"ListItem\",\"position\":1,\"name\":\"|\",\"item\":\"https:\/\/www.cservetech.com\/\"},{\"@type\":\"ListItem\",\"position\":2,\"name\":\"Privacy Policy\"}]},{\"@type\":\"WebSite\",\"@id\":\"https:\/\/www.cservetech.com\/#website\",\"url\":\"https:\/\/www.cservetech.com\/\",\"name\":\"#1 Website Design, Software Development, Digital Marketing, Mobile Apps, IT company in India, Maputo, Mozambique, Africa\",\"description\":\"Cserve Technologies- Best Website and Software Development Company In India, Maputo, Mozambique, Africa\",\"publisher\":{\"@id\":\"https:\/\/www.cservetech.com\/#organization\"},\"alternateName\":\"Best Website Design, Software Development and Digital Marketing Company in India, Maputo, Mozambique, Africa\",\"potentialAction\":[{\"@type\":\"SearchAction\",\"target\":{\"@type\":\"EntryPoint\",\"urlTemplate\":\"https:\/\/www.cservetech.com\/?s={search_term_string}\"},\"query-input\":{\"@type\":\"PropertyValueSpecification\",\"valueRequired\":true,\"valueName\":\"search_term_string\"}}],\"inLanguage\":\"pt-PT\"},{\"@type\":\"Organization\",\"@id\":\"https:\/\/www.cservetech.com\/#organization\",\"name\":\"Cserve Technologies\",\"url\":\"https:\/\/www.cservetech.com\/\",\"logo\":{\"@type\":\"ImageObject\",\"inLanguage\":\"pt-PT\",\"@id\":\"https:\/\/www.cservetech.com\/#\/schema\/logo\/image\/\",\"url\":\"https:\/\/www.cservetech.com\/wp-content\/uploads\/2022\/02\/Favicon.png\",\"contentUrl\":\"https:\/\/www.cservetech.com\/wp-content\/uploads\/2022\/02\/Favicon.png\",\"width\":160,\"height\":210,\"caption\":\"Cserve Technologies\"},\"image\":{\"@id\":\"https:\/\/www.cservetech.com\/#\/schema\/logo\/image\/\"},\"sameAs\":[\"https:\/\/www.facebook.com\/cservetech\/\",\"https:\/\/x.com\/cserve9\",\"https:\/\/www.linkedin.com\/company\/cservetech\/\"]}]}<\/script>\n<!-- \/ Yoast SEO plugin. -->","yoast_head_json":{"title":"Pol\u00edtica de Privacidade - Cserve Technologies","description":"Leia a Pol\u00edtica de Privacidade da Cserve Technologies para saber como coletamos, usamos e protegemos suas informa\u00e7\u00f5es pessoais. Sua privacidade \u00e9 nossa prioridade. #1 Empresa de TI","robots":{"index":"index","follow":"follow","max-snippet":"max-snippet:-1","max-image-preview":"max-image-preview:large","max-video-preview":"max-video-preview:-1"},"canonical":"https:\/\/www.cservetech.com\/pt\/our-privacy-policy\/","og_locale":"pt_PT","og_type":"article","og_title":"Privacy & Policy - Cserve Technologies","og_description":"Read the Privacy Policy of Cserve Technologies to learn how we collect, use, and protect your personal information. Your privacy is our priority. #1 IT Company","og_url":"https:\/\/www.cservetech.com\/pt\/our-privacy-policy\/","og_site_name":"#1 Website Design, Software Development, Digital Marketing, Mobile Apps, IT company in Maputo, Mozambique, Africa","article_publisher":"https:\/\/www.facebook.com\/cservetech\/","article_modified_time":"2025-07-23T07:32:26+00:00","og_image":[{"width":400,"height":118,"url":"https:\/\/www.cservetech.com\/wp-content\/uploads\/2024\/04\/4018adb0-a163-44cb-85ce-35cfcd9e6cca-e1739533136262.jpeg","type":"image\/jpeg"}],"twitter_card":"summary_large_image","twitter_site":"@cserve9","twitter_misc":{"Tempo estimado de leitura":"6 minutos"},"schema":{"@context":"https:\/\/schema.org","@graph":[{"@type":"WebPage","@id":"https:\/\/www.cservetech.com\/our-privacy-policy\/","url":"https:\/\/www.cservetech.com\/our-privacy-policy\/","name":"Pol\u00edtica de Privacidade - Cserve Technologies","isPartOf":{"@id":"https:\/\/www.cservetech.com\/#website"},"datePublished":"2024-07-24T10:20:23+00:00","dateModified":"2025-07-23T07:32:26+00:00","description":"Leia a Pol\u00edtica de Privacidade da Cserve Technologies para saber como coletamos, usamos e protegemos suas informa\u00e7\u00f5es pessoais. Sua privacidade \u00e9 nossa prioridade. #1 Empresa de TI","breadcrumb":{"@id":"https:\/\/www.cservetech.com\/our-privacy-policy\/#breadcrumb"},"inLanguage":"pt-PT","potentialAction":[{"@type":"ReadAction","target":["https:\/\/www.cservetech.com\/our-privacy-policy\/"]}]},{"@type":"BreadcrumbList","@id":"https:\/\/www.cservetech.com\/our-privacy-policy\/#breadcrumb","itemListElement":[{"@type":"ListItem","position":1,"name":"|","item":"https:\/\/www.cservetech.com\/"},{"@type":"ListItem","position":2,"name":"Privacy Policy"}]},{"@type":"WebSite","@id":"https:\/\/www.cservetech.com\/#website","url":"https:\/\/www.cservetech.com\/","name":"#1 Design de sites, desenvolvimento de software, marketing digital, aplicativos m\u00f3veis, empresa de TI na \u00cdndia, Maputo, Mo\u00e7ambique, \u00c1frica","description":"Cserve Technologies - Melhor empresa de desenvolvimento de sites e software na \u00cdndia, Maputo, Mo\u00e7ambique e \u00c1frica","publisher":{"@id":"https:\/\/www.cservetech.com\/#organization"},"alternateName":"Best Website Design, Software Development and Digital Marketing Company in India, Maputo, Mozambique, Africa","potentialAction":[{"@type":"SearchAction","target":{"@type":"EntryPoint","urlTemplate":"https:\/\/www.cservetech.com\/?s={search_term_string}"},"query-input":{"@type":"PropertyValueSpecification","valueRequired":true,"valueName":"search_term_string"}}],"inLanguage":"pt-PT"},{"@type":"Organization","@id":"https:\/\/www.cservetech.com\/#organization","name":"Cserv Technologies","url":"https:\/\/www.cservetech.com\/","logo":{"@type":"ImageObject","inLanguage":"pt-PT","@id":"https:\/\/www.cservetech.com\/#\/schema\/logo\/image\/","url":"https:\/\/www.cservetech.com\/wp-content\/uploads\/2022\/02\/Favicon.png","contentUrl":"https:\/\/www.cservetech.com\/wp-content\/uploads\/2022\/02\/Favicon.png","width":160,"height":210,"caption":"Cserve Technologies"},"image":{"@id":"https:\/\/www.cservetech.com\/#\/schema\/logo\/image\/"},"sameAs":["https:\/\/www.facebook.com\/cservetech\/","https:\/\/x.com\/cserve9","https:\/\/www.linkedin.com\/company\/cservetech\/"]}]}},"_links":{"self":[{"href":"https:\/\/www.cservetech.com\/pt\/wp-json\/wp\/v2\/pages\/32375","targetHints":{"allow":["GET"]}}],"collection":[{"href":"https:\/\/www.cservetech.com\/pt\/wp-json\/wp\/v2\/pages"}],"about":[{"href":"https:\/\/www.cservetech.com\/pt\/wp-json\/wp\/v2\/types\/page"}],"author":[{"embeddable":true,"href":"https:\/\/www.cservetech.com\/pt\/wp-json\/wp\/v2\/users\/2"}],"replies":[{"embeddable":true,"href":"https:\/\/www.cservetech.com\/pt\/wp-json\/wp\/v2\/comments?post=32375"}],"version-history":[{"count":0,"href":"https:\/\/www.cservetech.com\/pt\/wp-json\/wp\/v2\/pages\/32375\/revisions"}],"wp:attachment":[{"href":"https:\/\/www.cservetech.com\/pt\/wp-json\/wp\/v2\/media?parent=32375"}],"curies":[{"name":"wp","href":"https:\/\/api.w.org\/{rel}","templated":true}]}}