{"id":32380,"date":"2024-07-24T12:44:28","date_gmt":"2024-07-24T10:44:28","guid":{"rendered":"https:\/\/www.cservetech.com\/?page_id=32380"},"modified":"2025-07-23T09:31:48","modified_gmt":"2025-07-23T07:31:48","slug":"terms-and-conditions","status":"publish","type":"page","link":"https:\/\/www.cservetech.com\/pt\/terms-and-conditions\/","title":{"rendered":"Termos e Condi\u00e7\u00f5es"},"content":{"rendered":"<div data-elementor-type=\"wp-page\" data-elementor-id=\"32380\" class=\"elementor elementor-32380\" data-elementor-post-type=\"page\">\n\t\t\t\t\t\t<section data-particle_enable=\"false\" data-particle-mobile-disabled=\"false\" class=\"elementor-section elementor-top-section elementor-element elementor-element-1d399198 elementor-section-boxed elementor-section-height-default elementor-section-height-default\" data-id=\"1d399198\" data-element_type=\"section\">\n\t\t\t\t\t\t<div class=\"elementor-container elementor-column-gap-default\">\n\t\t\t\t\t<div class=\"elementor-column elementor-col-100 elementor-top-column elementor-element elementor-element-75b875f\" data-id=\"75b875f\" data-element_type=\"column\">\n\t\t\t<div class=\"elementor-widget-wrap elementor-element-populated\">\n\t\t\t\t\t\t<div class=\"elementor-element elementor-element-1d399be elementor-widget elementor-widget-text-editor\" data-id=\"1d399be\" data-element_type=\"widget\" data-widget_type=\"text-editor.default\">\n\t\t\t\t<div class=\"elementor-widget-container\">\n\t\t\t\t\t\t\t\t\t<p>Bem-vindo ao <strong>Cserve Tecnologias!<\/strong><\/p><p>Estes termos e condi\u00e7\u00f5es descrevem as regras e regulamentos para o uso do site da Cserve Technologies, localizado em https:\/\/www.cservetech.com\/<\/p><p>Ao acessar este site, assumimos que voc\u00ea aceita estes termos e condi\u00e7\u00f5es. N\u00e3o continue a usar <a href=\"https:\/\/www.cservetech.com\/pt\/\"><strong>Cserv Technologies<\/strong><\/a> se voc\u00ea n\u00e3o concordar em aceitar todos os termos e condi\u00e7\u00f5es declarados nesta p\u00e1gina.<\/p><p>A terminologia a seguir se aplica a estes Termos e Condi\u00e7\u00f5es, Declara\u00e7\u00e3o de Privacidade e Aviso de Isen\u00e7\u00e3o de Responsabilidade e todos os Contratos: \u201cCliente\u201d, \u201cVoc\u00ea\u201d e \u201cSeu\u201d referem-se a voc\u00ea, a pessoa que faz login neste site e est\u00e1 em conformidade com os termos e condi\u00e7\u00f5es da Empresa. \u201cA Empresa\u201d, \u201cN\u00f3s\u201d, \u201cN\u00f3s\u201d, \u201cNosso\u201d e \u201cNos\u201d referem-se \u00e0 nossa Empresa. \u201cParte\u201d, \u201cPartes\u201d ou \u201cN\u00f3s\u201d referem-se ao Cliente e a n\u00f3s mesmos. Todos os termos referem-se \u00e0 oferta, aceita\u00e7\u00e3o e considera\u00e7\u00e3o do pagamento necess\u00e1rio para realizar o processo de nossa assist\u00eancia ao Cliente da maneira mais apropriada para o prop\u00f3sito expresso de atender \u00e0s necessidades do Cliente em rela\u00e7\u00e3o \u00e0 presta\u00e7\u00e3o dos servi\u00e7os declarados da Empresa, de acordo com e sujeito \u00e0 lei vigente de mz. Qualquer uso da terminologia acima ou outras palavras no singular, plural, capitaliza\u00e7\u00e3o e\/ou ele\/ela ou eles, s\u00e3o considerados intercambi\u00e1veis e, portanto, como se referindo aos mesmos.<\/p><p><strong>Biscoitos<\/strong><br \/>Empregamos o uso de cookies. Ao acessar a Cserve Technologies, voc\u00ea concorda em usar cookies de acordo com a Pol\u00edtica de Privacidade da Cserve Technologies.<\/p><p>A maioria dos sites interativos usa cookies para nos permitir recuperar os detalhes do usu\u00e1rio para cada visita. Os cookies s\u00e3o usados pelo nosso site para habilitar a funcionalidade de certas \u00e1reas para facilitar a visita das pessoas ao nosso site. Alguns dos nossos parceiros afiliados\/publicit\u00e1rios tamb\u00e9m podem usar cookies.<\/p><p><strong>Hiperlinks para nosso conte\u00fado<\/strong><br \/>As seguintes organiza\u00e7\u00f5es podem ter links para nosso site sem aprova\u00e7\u00e3o pr\u00e9via por escrito:<\/p><p>Ag\u00eancias governamentais;<br \/>Motores de busca;<br \/>Organiza\u00e7\u00f5es de not\u00edcias;<br \/>Os distribuidores de diret\u00f3rios on-line podem criar links para nosso site da mesma maneira que criam hiperlinks para sites de outras empresas listadas; e<br \/>Empresas credenciadas em todo o sistema, exceto organiza\u00e7\u00f5es sem fins lucrativos, shoppings beneficentes e grupos de arrecada\u00e7\u00e3o de fundos beneficentes que n\u00e3o podem incluir hiperlinks para nosso site.<\/p><p>Essas organiza\u00e7\u00f5es podem criar links para nossa p\u00e1gina inicial, publica\u00e7\u00f5es ou outras informa\u00e7\u00f5es do site, desde que o link: (a) n\u00e3o seja enganoso de forma alguma; (b) n\u00e3o implique falsamente patroc\u00ednio, endosso ou aprova\u00e7\u00e3o da parte vinculante e de seus produtos e\/ou servi\u00e7os; e (c) se enquadre no contexto do site da parte vinculante.<\/p><p>Podemos considerar e aprovar outras solicita\u00e7\u00f5es de links dos seguintes tipos de organiza\u00e7\u00f5es:<\/p><ul><li>fontes de informa\u00e7\u00e3o de consumidores e\/ou empresas comumente conhecidas;<\/li><li>sites comunit\u00e1rios dot.com;<\/li><li>associa\u00e7\u00f5es ou outros grupos que representam institui\u00e7\u00f5es de caridade;<\/li><li>distribuidores de diret\u00f3rios on-line;<\/li><li>portais de internet;<\/li><li>escrit\u00f3rios de contabilidade, advocacia e consultoria; e<\/li><li>institui\u00e7\u00f5es educacionais e associa\u00e7\u00f5es comerciais.<\/li><\/ul><p>Aprovaremos solicita\u00e7\u00f5es de links dessas organiza\u00e7\u00f5es se decidirmos que: (a) o link n\u00e3o nos faria parecer desfavor\u00e1veis para n\u00f3s mesmos ou para nossos neg\u00f3cios credenciados; (b) a organiza\u00e7\u00e3o n\u00e3o tem nenhum registro negativo conosco; (c) o benef\u00edcio para n\u00f3s da visibilidade do hiperlink compensa a aus\u00eancia da Cserve Technologies; e (d) o link est\u00e1 no contexto de informa\u00e7\u00f5es gerais de recursos.<\/p><p>Essas organiza\u00e7\u00f5es podem criar links para nossa p\u00e1gina inicial, desde que o link: (a) n\u00e3o seja enganoso de forma alguma; (b) n\u00e3o implique falsamente patroc\u00ednio, endosso ou aprova\u00e7\u00e3o da parte vinculante e de seus produtos ou servi\u00e7os; e (c) se enquadre no contexto do site da parte vinculante.<\/p><p>Se voc\u00ea \u00e9 uma das organiza\u00e7\u00f5es listadas no par\u00e1grafo 2 acima e est\u00e1 interessado em criar um link para o nosso site, voc\u00ea deve nos informar enviando um e-mail para <strong>Cserv Technologies<\/strong>. Por favor, inclua seu nome, o nome da sua organiza\u00e7\u00e3o, informa\u00e7\u00f5es de contato, bem como a URL do seu site, uma lista de quaisquer URLs das quais voc\u00ea pretende criar um link para o nosso Website e uma lista das URLs em nosso site para as quais voc\u00ea gostaria de criar um link. Aguarde de 2 a 3 semanas por uma resposta.<\/p><p><strong>As organiza\u00e7\u00f5es aprovadas podem criar hiperlinks para nosso site da seguinte forma:<\/strong><\/p><ul><li>Pelo uso do nosso nome corporativo; ou<\/li><li>Pelo uso do localizador uniforme de recursos ao qual est\u00e1 vinculado; ou<\/li><li>Pelo uso de qualquer outra descri\u00e7\u00e3o do nosso site que fa\u00e7a sentido dentro do contexto e formato do conte\u00fado no site da parte que cria o link.<\/li><li>N\u00e3o ser\u00e1 permitido o uso do logotipo ou de outras artes da Cserve Technologies para cria\u00e7\u00e3o de links sem um contrato de licen\u00e7a de marca registrada.<\/li><\/ul><p><strong>Reserva de direitos<\/strong><br \/>Reservamo-nos o direito de solicitar que voc\u00ea remova todos os links ou qualquer link espec\u00edfico para o nosso Website. Voc\u00ea aprova a remo\u00e7\u00e3o imediata de todos os links para o nosso Website mediante solicita\u00e7\u00e3o. Tamb\u00e9m reservamos o direito de alterar estes termos e condi\u00e7\u00f5es e sua pol\u00edtica de links a qualquer momento. Ao criar links continuamente para o nosso Website, voc\u00ea concorda em estar vinculado e seguir estes termos e condi\u00e7\u00f5es de links.<\/p><p><strong>Remo\u00e7\u00e3o de links do nosso site<\/strong><br \/>Se voc\u00ea encontrar algum link em nosso Website que seja ofensivo por qualquer motivo, voc\u00ea est\u00e1 livre para entrar em contato e nos informar a qualquer momento. Consideraremos solicita\u00e7\u00f5es para remover links, mas n\u00e3o somos obrigados a isso ou a responder diretamente a voc\u00ea.<\/p><p>N\u00e3o garantimos que as informa\u00e7\u00f5es neste site estejam corretas, n\u00e3o garantimos sua integridade ou precis\u00e3o; nem prometemos garantir que o site permane\u00e7a dispon\u00edvel ou que o material no site seja mantido atualizado.<\/p><p><strong>Isen\u00e7\u00e3o de responsabilidade<\/strong><br \/>Na extens\u00e3o m\u00e1xima permitida pela lei aplic\u00e1vel, exclu\u00edmos todas as representa\u00e7\u00f5es, garantias e condi\u00e7\u00f5es relacionadas ao nosso site e ao uso deste site. Nada neste aviso legal ir\u00e1:<\/p><ul><li>limitar ou excluir nossa ou sua responsabilidade por morte ou danos pessoais;<\/li><li>limitar ou excluir nossa ou sua responsabilidade por fraude ou deturpa\u00e7\u00e3o fraudulenta;<\/li><li>limitar qualquer uma de nossas ou suas responsabilidades de qualquer forma que n\u00e3o seja permitida pela lei aplic\u00e1vel; ou<\/li><li>excluir qualquer uma de nossas ou suas responsabilidades que n\u00e3o possam ser exclu\u00eddas pela lei aplic\u00e1vel.<\/li><\/ul><p>As limita\u00e7\u00f5es e proibi\u00e7\u00f5es de responsabilidade estabelecidas nesta Se\u00e7\u00e3o e em outras partes desta isen\u00e7\u00e3o de responsabilidade: (a) est\u00e3o sujeitas ao par\u00e1grafo anterior; e (b) regem todas as responsabilidades decorrentes da isen\u00e7\u00e3o de responsabilidade, incluindo responsabilidades decorrentes de contrato, ato il\u00edcito e viola\u00e7\u00e3o de dever estatut\u00e1rio.<\/p><p>Desde que o site e as informa\u00e7\u00f5es e servi\u00e7os no site sejam fornecidos gratuitamente, n\u00e3o seremos respons\u00e1veis por qualquer perda ou dano de qualquer natureza.<\/p>\t\t\t\t\t\t\t\t<\/div>\n\t\t\t\t<\/div>\n\t\t\t\t\t<\/div>\n\t\t<\/div>\n\t\t\t\t\t<\/div>\n\t\t<\/section>\n\t\t\t\t<\/div>","protected":false},"excerpt":{"rendered":"<p>Bem-vindo \u00e0 Cserve Technologies! Estes termos e condi\u00e7\u00f5es descrevem as regras e regulamentos para o uso do site da Cserve Technologies, localizado em https:\/\/www.cservetech.com\/. Ao acessar este site, presumimos que voc\u00ea aceita estes termos e condi\u00e7\u00f5es. N\u00e3o continue a usar a Cserve Technologies se n\u00e3o concordar com todos os termos e condi\u00e7\u00f5es [\u2026]<\/p>","protected":false},"author":2,"featured_media":0,"parent":0,"menu_order":0,"comment_status":"closed","ping_status":"closed","template":"elementor_header_footer","meta":{"_acf_changed":false,"footnotes":""},"class_list":["post-32380","page","type-page","status-publish","hentry"],"acf":[],"yoast_head":"<!-- This site is optimized with the Yoast SEO plugin v26.3 - https:\/\/yoast.com\/wordpress\/plugins\/seo\/ -->\n<title>Terms And Condition - Cserve Technologies<\/title>\n<meta name=\"description\" content=\"Review the Terms and Conditions of Cserve Technologies to understand the rules and guidelines for using our website and services.\" \/>\n<meta name=\"robots\" content=\"index, follow, max-snippet:-1, max-image-preview:large, max-video-preview:-1\" \/>\n<link rel=\"canonical\" href=\"https:\/\/www.cservetech.com\/pt\/terms-and-conditions\/\" \/>\n<meta property=\"og:locale\" content=\"pt_PT\" \/>\n<meta property=\"og:type\" content=\"article\" \/>\n<meta property=\"og:title\" content=\"Terms And Condition - Cserve Technologies\" \/>\n<meta property=\"og:description\" content=\"Review the Terms and Conditions of Cserve Technologies to understand the rules and guidelines for using our website and services.\" \/>\n<meta property=\"og:url\" content=\"https:\/\/www.cservetech.com\/pt\/terms-and-conditions\/\" \/>\n<meta property=\"og:site_name\" content=\"#1 Website Design, Software Development, Digital Marketing, Mobile Apps, IT company in Maputo, Mozambique, Africa\" \/>\n<meta property=\"article:publisher\" content=\"https:\/\/www.facebook.com\/cservetech\/\" \/>\n<meta property=\"article:modified_time\" content=\"2025-07-23T07:31:48+00:00\" \/>\n<meta property=\"og:image\" content=\"https:\/\/www.cservetech.com\/wp-content\/uploads\/2024\/04\/4018adb0-a163-44cb-85ce-35cfcd9e6cca-e1739533136262.jpeg\" \/>\n\t<meta property=\"og:image:width\" content=\"400\" \/>\n\t<meta property=\"og:image:height\" content=\"118\" \/>\n\t<meta property=\"og:image:type\" content=\"image\/jpeg\" \/>\n<meta name=\"twitter:card\" content=\"summary_large_image\" \/>\n<meta name=\"twitter:site\" content=\"@cserve9\" \/>\n<meta name=\"twitter:label1\" content=\"Tempo estimado de leitura\" \/>\n\t<meta name=\"twitter:data1\" content=\"5 minutos\" \/>\n<script type=\"application\/ld+json\" class=\"yoast-schema-graph\">{\"@context\":\"https:\/\/schema.org\",\"@graph\":[{\"@type\":\"WebPage\",\"@id\":\"https:\/\/www.cservetech.com\/terms-and-conditions\/\",\"url\":\"https:\/\/www.cservetech.com\/terms-and-conditions\/\",\"name\":\"Terms And Condition - Cserve Technologies\",\"isPartOf\":{\"@id\":\"https:\/\/www.cservetech.com\/#website\"},\"datePublished\":\"2024-07-24T10:44:28+00:00\",\"dateModified\":\"2025-07-23T07:31:48+00:00\",\"description\":\"Review the Terms and Conditions of Cserve Technologies to understand the rules and guidelines for using our website and services.\",\"breadcrumb\":{\"@id\":\"https:\/\/www.cservetech.com\/terms-and-conditions\/#breadcrumb\"},\"inLanguage\":\"pt-PT\",\"potentialAction\":[{\"@type\":\"ReadAction\",\"target\":[\"https:\/\/www.cservetech.com\/terms-and-conditions\/\"]}]},{\"@type\":\"BreadcrumbList\",\"@id\":\"https:\/\/www.cservetech.com\/terms-and-conditions\/#breadcrumb\",\"itemListElement\":[{\"@type\":\"ListItem\",\"position\":1,\"name\":\"|\",\"item\":\"https:\/\/www.cservetech.com\/\"},{\"@type\":\"ListItem\",\"position\":2,\"name\":\"Terms And Conditions\"}]},{\"@type\":\"WebSite\",\"@id\":\"https:\/\/www.cservetech.com\/#website\",\"url\":\"https:\/\/www.cservetech.com\/\",\"name\":\"#1 Website Design, Software Development, Digital Marketing, Mobile Apps, IT company in India, Maputo, Mozambique, Africa\",\"description\":\"Cserve Technologies- Best Website and Software Development Company In India, Maputo, Mozambique, Africa\",\"publisher\":{\"@id\":\"https:\/\/www.cservetech.com\/#organization\"},\"alternateName\":\"Best Website Design, Software Development and Digital Marketing Company in India, Maputo, Mozambique, Africa\",\"potentialAction\":[{\"@type\":\"SearchAction\",\"target\":{\"@type\":\"EntryPoint\",\"urlTemplate\":\"https:\/\/www.cservetech.com\/?s={search_term_string}\"},\"query-input\":{\"@type\":\"PropertyValueSpecification\",\"valueRequired\":true,\"valueName\":\"search_term_string\"}}],\"inLanguage\":\"pt-PT\"},{\"@type\":\"Organization\",\"@id\":\"https:\/\/www.cservetech.com\/#organization\",\"name\":\"Cserve Technologies\",\"url\":\"https:\/\/www.cservetech.com\/\",\"logo\":{\"@type\":\"ImageObject\",\"inLanguage\":\"pt-PT\",\"@id\":\"https:\/\/www.cservetech.com\/#\/schema\/logo\/image\/\",\"url\":\"https:\/\/www.cservetech.com\/wp-content\/uploads\/2022\/02\/Favicon.png\",\"contentUrl\":\"https:\/\/www.cservetech.com\/wp-content\/uploads\/2022\/02\/Favicon.png\",\"width\":160,\"height\":210,\"caption\":\"Cserve Technologies\"},\"image\":{\"@id\":\"https:\/\/www.cservetech.com\/#\/schema\/logo\/image\/\"},\"sameAs\":[\"https:\/\/www.facebook.com\/cservetech\/\",\"https:\/\/x.com\/cserve9\",\"https:\/\/www.linkedin.com\/company\/cservetech\/\"]}]}<\/script>\n<!-- \/ Yoast SEO plugin. -->","yoast_head_json":{"title":"Termos e Condi\u00e7\u00f5es - Cserve Technologies","description":"Revise os Termos e Condi\u00e7\u00f5es da Cserve Technologies para entender as regras e diretrizes de uso do nosso site e servi\u00e7os.","robots":{"index":"index","follow":"follow","max-snippet":"max-snippet:-1","max-image-preview":"max-image-preview:large","max-video-preview":"max-video-preview:-1"},"canonical":"https:\/\/www.cservetech.com\/pt\/terms-and-conditions\/","og_locale":"pt_PT","og_type":"article","og_title":"Terms And Condition - Cserve Technologies","og_description":"Review the Terms and Conditions of Cserve Technologies to understand the rules and guidelines for using our website and services.","og_url":"https:\/\/www.cservetech.com\/pt\/terms-and-conditions\/","og_site_name":"#1 Website Design, Software Development, Digital Marketing, Mobile Apps, IT company in Maputo, Mozambique, Africa","article_publisher":"https:\/\/www.facebook.com\/cservetech\/","article_modified_time":"2025-07-23T07:31:48+00:00","og_image":[{"width":400,"height":118,"url":"https:\/\/www.cservetech.com\/wp-content\/uploads\/2024\/04\/4018adb0-a163-44cb-85ce-35cfcd9e6cca-e1739533136262.jpeg","type":"image\/jpeg"}],"twitter_card":"summary_large_image","twitter_site":"@cserve9","twitter_misc":{"Tempo estimado de leitura":"5 minutos"},"schema":{"@context":"https:\/\/schema.org","@graph":[{"@type":"WebPage","@id":"https:\/\/www.cservetech.com\/terms-and-conditions\/","url":"https:\/\/www.cservetech.com\/terms-and-conditions\/","name":"Termos e Condi\u00e7\u00f5es - Cserve Technologies","isPartOf":{"@id":"https:\/\/www.cservetech.com\/#website"},"datePublished":"2024-07-24T10:44:28+00:00","dateModified":"2025-07-23T07:31:48+00:00","description":"Revise os Termos e Condi\u00e7\u00f5es da Cserve Technologies para entender as regras e diretrizes de uso do nosso site e servi\u00e7os.","breadcrumb":{"@id":"https:\/\/www.cservetech.com\/terms-and-conditions\/#breadcrumb"},"inLanguage":"pt-PT","potentialAction":[{"@type":"ReadAction","target":["https:\/\/www.cservetech.com\/terms-and-conditions\/"]}]},{"@type":"BreadcrumbList","@id":"https:\/\/www.cservetech.com\/terms-and-conditions\/#breadcrumb","itemListElement":[{"@type":"ListItem","position":1,"name":"|","item":"https:\/\/www.cservetech.com\/"},{"@type":"ListItem","position":2,"name":"Terms And Conditions"}]},{"@type":"WebSite","@id":"https:\/\/www.cservetech.com\/#website","url":"https:\/\/www.cservetech.com\/","name":"#1 Design de sites, desenvolvimento de software, marketing digital, aplicativos m\u00f3veis, empresa de TI na \u00cdndia, Maputo, Mo\u00e7ambique, \u00c1frica","description":"Cserve Technologies - Melhor empresa de desenvolvimento de sites e software na \u00cdndia, Maputo, Mo\u00e7ambique e \u00c1frica","publisher":{"@id":"https:\/\/www.cservetech.com\/#organization"},"alternateName":"Best Website Design, Software Development and Digital Marketing Company in India, Maputo, Mozambique, Africa","potentialAction":[{"@type":"SearchAction","target":{"@type":"EntryPoint","urlTemplate":"https:\/\/www.cservetech.com\/?s={search_term_string}"},"query-input":{"@type":"PropertyValueSpecification","valueRequired":true,"valueName":"search_term_string"}}],"inLanguage":"pt-PT"},{"@type":"Organization","@id":"https:\/\/www.cservetech.com\/#organization","name":"Cserv Technologies","url":"https:\/\/www.cservetech.com\/","logo":{"@type":"ImageObject","inLanguage":"pt-PT","@id":"https:\/\/www.cservetech.com\/#\/schema\/logo\/image\/","url":"https:\/\/www.cservetech.com\/wp-content\/uploads\/2022\/02\/Favicon.png","contentUrl":"https:\/\/www.cservetech.com\/wp-content\/uploads\/2022\/02\/Favicon.png","width":160,"height":210,"caption":"Cserve Technologies"},"image":{"@id":"https:\/\/www.cservetech.com\/#\/schema\/logo\/image\/"},"sameAs":["https:\/\/www.facebook.com\/cservetech\/","https:\/\/x.com\/cserve9","https:\/\/www.linkedin.com\/company\/cservetech\/"]}]}},"_links":{"self":[{"href":"https:\/\/www.cservetech.com\/pt\/wp-json\/wp\/v2\/pages\/32380","targetHints":{"allow":["GET"]}}],"collection":[{"href":"https:\/\/www.cservetech.com\/pt\/wp-json\/wp\/v2\/pages"}],"about":[{"href":"https:\/\/www.cservetech.com\/pt\/wp-json\/wp\/v2\/types\/page"}],"author":[{"embeddable":true,"href":"https:\/\/www.cservetech.com\/pt\/wp-json\/wp\/v2\/users\/2"}],"replies":[{"embeddable":true,"href":"https:\/\/www.cservetech.com\/pt\/wp-json\/wp\/v2\/comments?post=32380"}],"version-history":[{"count":0,"href":"https:\/\/www.cservetech.com\/pt\/wp-json\/wp\/v2\/pages\/32380\/revisions"}],"wp:attachment":[{"href":"https:\/\/www.cservetech.com\/pt\/wp-json\/wp\/v2\/media?parent=32380"}],"curies":[{"name":"wp","href":"https:\/\/api.w.org\/{rel}","templated":true}]}}