{"id":35340,"date":"2025-03-11T08:11:10","date_gmt":"2025-03-11T06:11:10","guid":{"rendered":"https:\/\/www.cservetech.com\/?page_id=35340"},"modified":"2025-06-26T11:58:38","modified_gmt":"2025-06-26T09:58:38","slug":"raise-a-ticket","status":"publish","type":"page","link":"https:\/\/www.cservetech.com\/pt\/raise-a-ticket\/","title":{"rendered":"Abra um Ticket"},"content":{"rendered":"<div data-elementor-type=\"wp-page\" data-elementor-id=\"35340\" class=\"elementor elementor-35340\" data-elementor-post-type=\"page\">\n\t\t\t\t\t\t<section data-particle_enable=\"false\" data-particle-mobile-disabled=\"false\" class=\"elementor-section elementor-top-section elementor-element elementor-element-72f137b elementor-section-boxed elementor-section-height-default elementor-section-height-default\" data-id=\"72f137b\" data-element_type=\"section\" data-settings=\"{&quot;background_background&quot;:&quot;classic&quot;}\">\n\t\t\t\t\t\t<div class=\"elementor-container elementor-column-gap-default\">\n\t\t\t\t\t<div class=\"elementor-column elementor-col-100 elementor-top-column elementor-element elementor-element-d65723a\" data-id=\"d65723a\" data-element_type=\"column\">\n\t\t\t<div class=\"elementor-widget-wrap elementor-element-populated\">\n\t\t\t\t\t\t<section data-particle_enable=\"false\" data-particle-mobile-disabled=\"false\" class=\"elementor-section elementor-inner-section elementor-element elementor-element-e32050d elementor-section-boxed elementor-section-height-default elementor-section-height-default\" data-id=\"e32050d\" data-element_type=\"section\">\n\t\t\t\t\t\t<div class=\"elementor-container elementor-column-gap-wider\">\n\t\t\t\t\t<div class=\"elementor-column elementor-col-100 elementor-inner-column elementor-element elementor-element-3be9550\" data-id=\"3be9550\" data-element_type=\"column\">\n\t\t\t<div class=\"elementor-widget-wrap elementor-element-populated\">\n\t\t\t\t\t\t<div class=\"elementor-element elementor-element-5d8bf3f elementor-widget elementor-widget-heading\" data-id=\"5d8bf3f\" data-element_type=\"widget\" data-widget_type=\"heading.default\">\n\t\t\t\t<div class=\"elementor-widget-container\">\n\t\t\t\t\t<h2 class=\"elementor-heading-title elementor-size-default\">Abra um Ticket<h4 data-elementor-setting-key=\"title\" data-pen-placeholder=\"Type Here...\" style=\"font-family: Ubuntu;letter-spacing: normal\">(Equipe Global - \u00cdndia)<span style=\", sans-serif;font-size: 30px;letter-spacing: 0.3px\"><\/span><\/h4><\/h2>\t\t\t\t<\/div>\n\t\t\t\t<\/div>\n\t\t\t\t<div class=\"elementor-element elementor-element-b499f5c elementor-widget elementor-widget-html\" data-id=\"b499f5c\" data-element_type=\"widget\" data-widget_type=\"html.default\">\n\t\t\t\t<div class=\"elementor-widget-container\">\n\t\t\t\t\t<iframe width=\"50%\" height=\"900\" src=\"https:\/\/crm.xodox.in\/codegate\/erp\/forms\/ticket\" frameborder=\"0\" allowfullscreen><\/iframe>\t\t\t\t<\/div>\n\t\t\t\t<\/div>\n\t\t\t\t\t<\/div>\n\t\t<\/div>\n\t\t\t\t\t<\/div>\n\t\t<\/section>\n\t\t\t\t\t<\/div>\n\t\t<\/div>\n\t\t\t\t\t<\/div>\n\t\t<\/section>\n\t\t\t\t<\/div>","protected":false},"excerpt":{"rendered":"<p>Abra um Ticket (Equipe Global \u2013 \u00cdndia)<\/p>","protected":false},"author":1,"featured_media":0,"parent":0,"menu_order":0,"comment_status":"closed","ping_status":"closed","template":"elementor_header_footer","meta":{"_acf_changed":false,"footnotes":""},"class_list":["post-35340","page","type-page","status-publish","hentry"],"acf":[],"yoast_head":"<!-- This site is optimized with the Yoast SEO plugin v26.3 - https:\/\/yoast.com\/wordpress\/plugins\/seo\/ -->\n<title>#1 Website Design &amp; Software Development Company in Maputo, Mozambique, Africa - Raise a Ticket - #1 Website Design, Software Development, Digital Marketing, Mobile Apps, IT company in Maputo, Mozambique, Africa<\/title>\n<meta name=\"description\" content=\"#1 IT Company of Mozambique is offering Website Design, Corporate Website, ecommerce websites, Cyber Security, Mobile Apps, Digital, Social Media Marketing, Business, Corporate Emails, Domain, Hostings, Servers, in low cost. #1 Website Design, Software Development, Digital Marketing, Mobile Apps, IT company in Maputo, Mozambique, Africa - Raise a Ticket\" \/>\n<meta name=\"robots\" content=\"index, follow, max-snippet:-1, max-image-preview:large, max-video-preview:-1\" \/>\n<link rel=\"canonical\" href=\"https:\/\/www.cservetech.com\/pt\/raise-a-ticket\/\" \/>\n<meta property=\"og:locale\" content=\"pt_PT\" \/>\n<meta property=\"og:type\" content=\"article\" \/>\n<meta property=\"og:title\" content=\"#1 Website Design &amp; Software Development Company in Maputo, Mozambique, Africa - Raise a Ticket - #1 Website Design, Software Development, Digital Marketing, Mobile Apps, IT company in Maputo, Mozambique, Africa\" \/>\n<meta property=\"og:description\" content=\"#1 IT Company of Mozambique is offering Website Design, Corporate Website, ecommerce websites, Cyber Security, Mobile Apps, Digital, Social Media Marketing, Business, Corporate Emails, Domain, Hostings, Servers, in low cost. #1 Website Design, Software Development, Digital Marketing, Mobile Apps, IT company in Maputo, Mozambique, Africa - Raise a Ticket\" \/>\n<meta property=\"og:url\" content=\"https:\/\/www.cservetech.com\/pt\/raise-a-ticket\/\" \/>\n<meta property=\"og:site_name\" content=\"#1 Website Design, Software Development, Digital Marketing, Mobile Apps, IT company in Maputo, Mozambique, Africa\" \/>\n<meta property=\"article:publisher\" content=\"https:\/\/www.facebook.com\/cservetech\/\" \/>\n<meta property=\"article:modified_time\" content=\"2025-06-26T09:58:38+00:00\" \/>\n<meta property=\"og:image\" content=\"https:\/\/www.cservetech.com\/wp-content\/uploads\/2024\/04\/4018adb0-a163-44cb-85ce-35cfcd9e6cca-e1739533136262.jpeg\" \/>\n\t<meta property=\"og:image:width\" content=\"400\" \/>\n\t<meta property=\"og:image:height\" content=\"118\" \/>\n\t<meta property=\"og:image:type\" content=\"image\/jpeg\" \/>\n<meta name=\"twitter:card\" content=\"summary_large_image\" \/>\n<meta name=\"twitter:site\" content=\"@cserve9\" \/>\n<meta name=\"twitter:label1\" content=\"Tempo estimado de leitura\" \/>\n\t<meta name=\"twitter:data1\" content=\"1 minuto\" \/>\n<script type=\"application\/ld+json\" class=\"yoast-schema-graph\">{\"@context\":\"https:\/\/schema.org\",\"@graph\":[{\"@type\":\"WebPage\",\"@id\":\"https:\/\/www.cservetech.com\/raise-a-ticket\/\",\"url\":\"https:\/\/www.cservetech.com\/raise-a-ticket\/\",\"name\":\"#1 Website Design & Software Development Company in Maputo, Mozambique, Africa - Raise a Ticket - #1 Website Design, Software Development, Digital Marketing, Mobile Apps, IT company in Maputo, Mozambique, Africa\",\"isPartOf\":{\"@id\":\"https:\/\/www.cservetech.com\/#website\"},\"datePublished\":\"2025-03-11T06:11:10+00:00\",\"dateModified\":\"2025-06-26T09:58:38+00:00\",\"description\":\"#1 IT Company of Mozambique is offering Website Design, Corporate Website, ecommerce websites, Cyber Security, Mobile Apps, Digital, Social Media Marketing, Business, Corporate Emails, Domain, Hostings, Servers, in low cost. #1 Website Design, Software Development, Digital Marketing, Mobile Apps, IT company in Maputo, Mozambique, Africa - Raise a Ticket\",\"breadcrumb\":{\"@id\":\"https:\/\/www.cservetech.com\/raise-a-ticket\/#breadcrumb\"},\"inLanguage\":\"pt-PT\",\"potentialAction\":[{\"@type\":\"ReadAction\",\"target\":[\"https:\/\/www.cservetech.com\/raise-a-ticket\/\"]}]},{\"@type\":\"BreadcrumbList\",\"@id\":\"https:\/\/www.cservetech.com\/raise-a-ticket\/#breadcrumb\",\"itemListElement\":[{\"@type\":\"ListItem\",\"position\":1,\"name\":\"|\",\"item\":\"https:\/\/www.cservetech.com\/\"},{\"@type\":\"ListItem\",\"position\":2,\"name\":\"Raise a Ticket\"}]},{\"@type\":\"WebSite\",\"@id\":\"https:\/\/www.cservetech.com\/#website\",\"url\":\"https:\/\/www.cservetech.com\/\",\"name\":\"#1 Website Design, Software Development, Digital Marketing, Mobile Apps, IT company in India, Maputo, Mozambique, Africa\",\"description\":\"Cserve Technologies- Best Website and Software Development Company In India, Maputo, Mozambique, Africa\",\"publisher\":{\"@id\":\"https:\/\/www.cservetech.com\/#organization\"},\"alternateName\":\"Best Website Design, Software Development and Digital Marketing Company in India, Maputo, Mozambique, Africa\",\"potentialAction\":[{\"@type\":\"SearchAction\",\"target\":{\"@type\":\"EntryPoint\",\"urlTemplate\":\"https:\/\/www.cservetech.com\/?s={search_term_string}\"},\"query-input\":{\"@type\":\"PropertyValueSpecification\",\"valueRequired\":true,\"valueName\":\"search_term_string\"}}],\"inLanguage\":\"pt-PT\"},{\"@type\":\"Organization\",\"@id\":\"https:\/\/www.cservetech.com\/#organization\",\"name\":\"Cserve Technologies\",\"url\":\"https:\/\/www.cservetech.com\/\",\"logo\":{\"@type\":\"ImageObject\",\"inLanguage\":\"pt-PT\",\"@id\":\"https:\/\/www.cservetech.com\/#\/schema\/logo\/image\/\",\"url\":\"https:\/\/www.cservetech.com\/wp-content\/uploads\/2022\/02\/Favicon.png\",\"contentUrl\":\"https:\/\/www.cservetech.com\/wp-content\/uploads\/2022\/02\/Favicon.png\",\"width\":160,\"height\":210,\"caption\":\"Cserve Technologies\"},\"image\":{\"@id\":\"https:\/\/www.cservetech.com\/#\/schema\/logo\/image\/\"},\"sameAs\":[\"https:\/\/www.facebook.com\/cservetech\/\",\"https:\/\/x.com\/cserve9\",\"https:\/\/www.linkedin.com\/company\/cservetech\/\"]}]}<\/script>\n<!-- \/ Yoast SEO plugin. -->","yoast_head_json":{"title":"Empresa de Design de Websites e Desenvolvimento de Software em Maputo, Mo\u00e7ambique, \u00c1frica (c\u00f3digo #1) - Abra um chamado - Empresa de TI, Design de Websites, Desenvolvimento de Software, Marketing Digital, Aplicativos M\u00f3veis e outras \u00e1reas em Maputo, Mo\u00e7ambique, \u00c1frica (c\u00f3digo #1)","description":"A empresa de TI #1, de Mo\u00e7ambique, oferece servi\u00e7os de design de websites, websites corporativos, websites de e-commerce, ciberseguran\u00e7a, aplicativos m\u00f3veis, marketing digital e em redes sociais, e-mails corporativos e empresariais, dom\u00ednios, hospedagem e servidores a pre\u00e7os acess\u00edveis. A #1 \u00e9 uma empresa de TI especializada em design de websites, desenvolvimento de software, marketing digital e aplicativos m\u00f3veis em Maputo, Mo\u00e7ambique, \u00c1frica. - Abra um chamado","robots":{"index":"index","follow":"follow","max-snippet":"max-snippet:-1","max-image-preview":"max-image-preview:large","max-video-preview":"max-video-preview:-1"},"canonical":"https:\/\/www.cservetech.com\/pt\/raise-a-ticket\/","og_locale":"pt_PT","og_type":"article","og_title":"#1 Website Design & Software Development Company in Maputo, Mozambique, Africa - Raise a Ticket - #1 Website Design, Software Development, Digital Marketing, Mobile Apps, IT company in Maputo, Mozambique, Africa","og_description":"#1 IT Company of Mozambique is offering Website Design, Corporate Website, ecommerce websites, Cyber Security, Mobile Apps, Digital, Social Media Marketing, Business, Corporate Emails, Domain, Hostings, Servers, in low cost. #1 Website Design, Software Development, Digital Marketing, Mobile Apps, IT company in Maputo, Mozambique, Africa - Raise a Ticket","og_url":"https:\/\/www.cservetech.com\/pt\/raise-a-ticket\/","og_site_name":"#1 Website Design, Software Development, Digital Marketing, Mobile Apps, IT company in Maputo, Mozambique, Africa","article_publisher":"https:\/\/www.facebook.com\/cservetech\/","article_modified_time":"2025-06-26T09:58:38+00:00","og_image":[{"width":400,"height":118,"url":"https:\/\/www.cservetech.com\/wp-content\/uploads\/2024\/04\/4018adb0-a163-44cb-85ce-35cfcd9e6cca-e1739533136262.jpeg","type":"image\/jpeg"}],"twitter_card":"summary_large_image","twitter_site":"@cserve9","twitter_misc":{"Tempo estimado de leitura":"1 minuto"},"schema":{"@context":"https:\/\/schema.org","@graph":[{"@type":"WebPage","@id":"https:\/\/www.cservetech.com\/raise-a-ticket\/","url":"https:\/\/www.cservetech.com\/raise-a-ticket\/","name":"Empresa de Design de Websites e Desenvolvimento de Software em Maputo, Mo\u00e7ambique, \u00c1frica (c\u00f3digo #1) - Abra um chamado - Empresa de TI, Design de Websites, Desenvolvimento de Software, Marketing Digital, Aplicativos M\u00f3veis e outras \u00e1reas em Maputo, Mo\u00e7ambique, \u00c1frica (c\u00f3digo #1)","isPartOf":{"@id":"https:\/\/www.cservetech.com\/#website"},"datePublished":"2025-03-11T06:11:10+00:00","dateModified":"2025-06-26T09:58:38+00:00","description":"A empresa de TI #1, de Mo\u00e7ambique, oferece servi\u00e7os de design de websites, websites corporativos, websites de e-commerce, ciberseguran\u00e7a, aplicativos m\u00f3veis, marketing digital e em redes sociais, e-mails corporativos e empresariais, dom\u00ednios, hospedagem e servidores a pre\u00e7os acess\u00edveis. A #1 \u00e9 uma empresa de TI especializada em design de websites, desenvolvimento de software, marketing digital e aplicativos m\u00f3veis em Maputo, Mo\u00e7ambique, \u00c1frica. - Abra um chamado","breadcrumb":{"@id":"https:\/\/www.cservetech.com\/raise-a-ticket\/#breadcrumb"},"inLanguage":"pt-PT","potentialAction":[{"@type":"ReadAction","target":["https:\/\/www.cservetech.com\/raise-a-ticket\/"]}]},{"@type":"BreadcrumbList","@id":"https:\/\/www.cservetech.com\/raise-a-ticket\/#breadcrumb","itemListElement":[{"@type":"ListItem","position":1,"name":"|","item":"https:\/\/www.cservetech.com\/"},{"@type":"ListItem","position":2,"name":"Raise a Ticket"}]},{"@type":"WebSite","@id":"https:\/\/www.cservetech.com\/#website","url":"https:\/\/www.cservetech.com\/","name":"#1 Design de sites, desenvolvimento de software, marketing digital, aplicativos m\u00f3veis, empresa de TI na \u00cdndia, Maputo, Mo\u00e7ambique, \u00c1frica","description":"Cserve Technologies - Melhor empresa de desenvolvimento de sites e software na \u00cdndia, Maputo, Mo\u00e7ambique e \u00c1frica","publisher":{"@id":"https:\/\/www.cservetech.com\/#organization"},"alternateName":"Best Website Design, Software Development and Digital Marketing Company in India, Maputo, Mozambique, Africa","potentialAction":[{"@type":"SearchAction","target":{"@type":"EntryPoint","urlTemplate":"https:\/\/www.cservetech.com\/?s={search_term_string}"},"query-input":{"@type":"PropertyValueSpecification","valueRequired":true,"valueName":"search_term_string"}}],"inLanguage":"pt-PT"},{"@type":"Organization","@id":"https:\/\/www.cservetech.com\/#organization","name":"Cserv Technologies","url":"https:\/\/www.cservetech.com\/","logo":{"@type":"ImageObject","inLanguage":"pt-PT","@id":"https:\/\/www.cservetech.com\/#\/schema\/logo\/image\/","url":"https:\/\/www.cservetech.com\/wp-content\/uploads\/2022\/02\/Favicon.png","contentUrl":"https:\/\/www.cservetech.com\/wp-content\/uploads\/2022\/02\/Favicon.png","width":160,"height":210,"caption":"Cserve Technologies"},"image":{"@id":"https:\/\/www.cservetech.com\/#\/schema\/logo\/image\/"},"sameAs":["https:\/\/www.facebook.com\/cservetech\/","https:\/\/x.com\/cserve9","https:\/\/www.linkedin.com\/company\/cservetech\/"]}]}},"_links":{"self":[{"href":"https:\/\/www.cservetech.com\/pt\/wp-json\/wp\/v2\/pages\/35340","targetHints":{"allow":["GET"]}}],"collection":[{"href":"https:\/\/www.cservetech.com\/pt\/wp-json\/wp\/v2\/pages"}],"about":[{"href":"https:\/\/www.cservetech.com\/pt\/wp-json\/wp\/v2\/types\/page"}],"author":[{"embeddable":true,"href":"https:\/\/www.cservetech.com\/pt\/wp-json\/wp\/v2\/users\/1"}],"replies":[{"embeddable":true,"href":"https:\/\/www.cservetech.com\/pt\/wp-json\/wp\/v2\/comments?post=35340"}],"version-history":[{"count":0,"href":"https:\/\/www.cservetech.com\/pt\/wp-json\/wp\/v2\/pages\/35340\/revisions"}],"wp:attachment":[{"href":"https:\/\/www.cservetech.com\/pt\/wp-json\/wp\/v2\/media?parent=35340"}],"curies":[{"name":"wp","href":"https:\/\/api.w.org\/{rel}","templated":true}]}}