{"id":36604,"date":"2025-06-24T08:21:22","date_gmt":"2025-06-24T06:21:22","guid":{"rendered":"https:\/\/www.cservetech.com\/?page_id=36604"},"modified":"2026-03-27T15:07:25","modified_gmt":"2026-03-27T13:07:25","slug":"tickets-and-technical-support-india-and-international","status":"publish","type":"page","link":"https:\/\/www.cservetech.com\/pt\/tickets-and-technical-support-india-and-international\/","title":{"rendered":"Tickets e Suporte T\u00e9cnico \u00cdndia e Internacional"},"content":{"rendered":"<div data-elementor-type=\"wp-page\" data-elementor-id=\"36604\" class=\"elementor elementor-36604\" data-elementor-post-type=\"page\">\n\t\t\t\t\t\t<section data-particle_enable=\"false\" data-particle-mobile-disabled=\"false\" class=\"elementor-section elementor-top-section elementor-element elementor-element-8cc7b41 elementor-section-boxed elementor-section-height-default elementor-section-height-default\" data-id=\"8cc7b41\" data-element_type=\"section\" data-settings=\"{&quot;background_background&quot;:&quot;classic&quot;}\">\n\t\t\t\t\t\t\t<div class=\"elementor-background-overlay\"><\/div>\n\t\t\t\t\t\t\t<div class=\"elementor-container elementor-column-gap-default\">\n\t\t\t\t\t<div class=\"elementor-column elementor-col-100 elementor-top-column elementor-element elementor-element-1ee1793\" data-id=\"1ee1793\" data-element_type=\"column\">\n\t\t\t<div class=\"elementor-widget-wrap elementor-element-populated\">\n\t\t\t\t\t\t<div class=\"elementor-element elementor-element-65ed13e elementor-widget elementor-widget-heading\" data-id=\"65ed13e\" data-element_type=\"widget\" data-widget_type=\"heading.default\">\n\t\t\t\t<div class=\"elementor-widget-container\">\n\t\t\t\t\t<h1 class=\"elementor-heading-title elementor-size-large\">Precisa de ajuda? Estamos aqui para ajudar<\/h1>\t\t\t\t<\/div>\n\t\t\t\t<\/div>\n\t\t\t\t\t<\/div>\n\t\t<\/div>\n\t\t\t\t\t<\/div>\n\t\t<\/section>\n\t\t\t\t<section data-particle_enable=\"false\" data-particle-mobile-disabled=\"false\" class=\"elementor-section elementor-top-section elementor-element elementor-element-9df6667 elementor-section-boxed elementor-section-height-default elementor-section-height-default\" data-id=\"9df6667\" data-element_type=\"section\" data-settings=\"{&quot;background_background&quot;:&quot;classic&quot;}\">\n\t\t\t\t\t\t<div class=\"elementor-container elementor-column-gap-default\">\n\t\t\t\t\t<div class=\"elementor-column elementor-col-100 elementor-top-column elementor-element elementor-element-8308c2c\" data-id=\"8308c2c\" data-element_type=\"column\">\n\t\t\t<div class=\"elementor-widget-wrap elementor-element-populated\">\n\t\t\t\t\t\t<div class=\"elementor-element elementor-element-1483eab elementor-widget elementor-widget-heading\" data-id=\"1483eab\" data-element_type=\"widget\" data-widget_type=\"heading.default\">\n\t\t\t\t<div class=\"elementor-widget-container\">\n\t\t\t\t\t<h3 class=\"elementor-heading-title elementor-size-default\">Conte-nos sua preocupa\u00e7\u00e3o e n\u00f3s cuidaremos do resto<\/h3>\t\t\t\t<\/div>\n\t\t\t\t<\/div>\n\t\t\t\t<section data-particle_enable=\"false\" data-particle-mobile-disabled=\"false\" class=\"elementor-section elementor-inner-section elementor-element elementor-element-530107f elementor-section-boxed elementor-section-height-default elementor-section-height-default\" data-id=\"530107f\" data-element_type=\"section\">\n\t\t\t\t\t\t<div class=\"elementor-container elementor-column-gap-default\">\n\t\t\t\t\t<div class=\"elementor-column elementor-col-100 elementor-inner-column elementor-element elementor-element-8b1acb7\" data-id=\"8b1acb7\" data-element_type=\"column\" data-settings=\"{&quot;background_background&quot;:&quot;classic&quot;}\">\n\t\t\t<div class=\"elementor-widget-wrap elementor-element-populated\">\n\t\t\t\t\t\t<div class=\"elementor-element elementor-element-93f0a57 elementor-widget elementor-widget-shortcode\" data-id=\"93f0a57\" data-element_type=\"widget\" data-widget_type=\"shortcode.default\">\n\t\t\t\t<div class=\"elementor-widget-container\">\n\t\t\t\t\t\t\t<div class=\"elementor-shortcode\"><iframe  width=\"100%\" height=\"1800\" src=\"https:\/\/app.xodox.in\/codegate\/erp\/flexform\/vf\/e498fbcb364fa4adf08f1d03c752f11c?with_logo=1&v=\" frameborder=\"0\" sandbox=\"allow-top-navigation allow-forms allow-scripts allow-same-origin allow-popups\" allowfullscreen><\/iframe>\n<\/div>\n\t\t\t\t\t\t<\/div>\n\t\t\t\t<\/div>\n\t\t\t\t\t<\/div>\n\t\t<\/div>\n\t\t\t\t\t<\/div>\n\t\t<\/section>\n\t\t\t\t\t<\/div>\n\t\t<\/div>\n\t\t\t\t\t<\/div>\n\t\t<\/section>\n\t\t\t\t<\/div>","protected":false},"excerpt":{"rendered":"<p>Precisa de ajuda? Estamos aqui para ajudar. Conte-nos sua preocupa\u00e7\u00e3o e n\u00f3s cuidaremos do resto.<\/p>","protected":false},"author":1,"featured_media":0,"parent":0,"menu_order":0,"comment_status":"closed","ping_status":"closed","template":"elementor_header_footer","meta":{"_acf_changed":false,"footnotes":""},"class_list":["post-36604","page","type-page","status-publish","hentry"],"acf":[],"yoast_head":"<!-- This site is optimized with the Yoast SEO plugin v26.3 - https:\/\/yoast.com\/wordpress\/plugins\/seo\/ -->\n<title>#1 Website Design &amp; Software Development Company in Maputo, Mozambique, Africa - Tickets and Technical Support India and International - #1 Website Design, Software Development, Digital Marketing, Mobile Apps, IT company in Maputo, Mozambique, Africa<\/title>\n<meta name=\"description\" content=\"#1 IT Company of Mozambique is offering Website Design, Corporate Website, ecommerce websites, Cyber Security, Mobile Apps, Digital, Social Media Marketing, Business, Corporate Emails, Domain, Hostings, Servers, in low cost. #1 Website Design, Software Development, Digital Marketing, Mobile Apps, IT company in Maputo, Mozambique, Africa - Tickets and Technical Support India and International\" \/>\n<meta name=\"robots\" content=\"index, follow, max-snippet:-1, max-image-preview:large, max-video-preview:-1\" \/>\n<link rel=\"canonical\" href=\"https:\/\/www.cservetech.com\/pt\/tickets-and-technical-support-india-and-international\/\" \/>\n<meta property=\"og:locale\" content=\"pt_PT\" \/>\n<meta property=\"og:type\" content=\"article\" \/>\n<meta property=\"og:title\" content=\"#1 Website Design &amp; Software Development Company in Maputo, Mozambique, Africa - Tickets and Technical Support India and International - #1 Website Design, Software Development, Digital Marketing, Mobile Apps, IT company in Maputo, Mozambique, Africa\" \/>\n<meta property=\"og:description\" content=\"#1 IT Company of Mozambique is offering Website Design, Corporate Website, ecommerce websites, Cyber Security, Mobile Apps, Digital, Social Media Marketing, Business, Corporate Emails, Domain, Hostings, Servers, in low cost. #1 Website Design, Software Development, Digital Marketing, Mobile Apps, IT company in Maputo, Mozambique, Africa - Tickets and Technical Support India and International\" \/>\n<meta property=\"og:url\" content=\"https:\/\/www.cservetech.com\/pt\/tickets-and-technical-support-india-and-international\/\" \/>\n<meta property=\"og:site_name\" content=\"#1 Website Design, Software Development, Digital Marketing, Mobile Apps, IT company in Maputo, Mozambique, Africa\" \/>\n<meta property=\"article:publisher\" content=\"https:\/\/www.facebook.com\/cservetech\/\" \/>\n<meta property=\"article:modified_time\" content=\"2026-03-27T13:07:25+00:00\" \/>\n<meta property=\"og:image\" content=\"https:\/\/www.cservetech.com\/wp-content\/uploads\/2024\/04\/4018adb0-a163-44cb-85ce-35cfcd9e6cca-e1739533136262.jpeg\" \/>\n\t<meta property=\"og:image:width\" content=\"400\" \/>\n\t<meta property=\"og:image:height\" content=\"118\" \/>\n\t<meta property=\"og:image:type\" content=\"image\/jpeg\" \/>\n<meta name=\"twitter:card\" content=\"summary_large_image\" \/>\n<meta name=\"twitter:site\" content=\"@cserve9\" \/>\n<meta name=\"twitter:label1\" content=\"Tempo estimado de leitura\" \/>\n\t<meta name=\"twitter:data1\" content=\"1 minuto\" \/>\n<script type=\"application\/ld+json\" class=\"yoast-schema-graph\">{\"@context\":\"https:\/\/schema.org\",\"@graph\":[{\"@type\":\"WebPage\",\"@id\":\"https:\/\/www.cservetech.com\/tickets-and-technical-support-india-and-international\/\",\"url\":\"https:\/\/www.cservetech.com\/tickets-and-technical-support-india-and-international\/\",\"name\":\"#1 Website Design & Software Development Company in Maputo, Mozambique, Africa - Tickets and Technical Support India and International - #1 Website Design, Software Development, Digital Marketing, Mobile Apps, IT company in Maputo, Mozambique, Africa\",\"isPartOf\":{\"@id\":\"https:\/\/www.cservetech.com\/#website\"},\"datePublished\":\"2025-06-24T06:21:22+00:00\",\"dateModified\":\"2026-03-27T13:07:25+00:00\",\"description\":\"#1 IT Company of Mozambique is offering Website Design, Corporate Website, ecommerce websites, Cyber Security, Mobile Apps, Digital, Social Media Marketing, Business, Corporate Emails, Domain, Hostings, Servers, in low cost. #1 Website Design, Software Development, Digital Marketing, Mobile Apps, IT company in Maputo, Mozambique, Africa - Tickets and Technical Support India and International\",\"breadcrumb\":{\"@id\":\"https:\/\/www.cservetech.com\/tickets-and-technical-support-india-and-international\/#breadcrumb\"},\"inLanguage\":\"pt-PT\",\"potentialAction\":[{\"@type\":\"ReadAction\",\"target\":[\"https:\/\/www.cservetech.com\/tickets-and-technical-support-india-and-international\/\"]}]},{\"@type\":\"BreadcrumbList\",\"@id\":\"https:\/\/www.cservetech.com\/tickets-and-technical-support-india-and-international\/#breadcrumb\",\"itemListElement\":[{\"@type\":\"ListItem\",\"position\":1,\"name\":\"|\",\"item\":\"https:\/\/www.cservetech.com\/\"},{\"@type\":\"ListItem\",\"position\":2,\"name\":\"Tickets and Technical Support India and International\"}]},{\"@type\":\"WebSite\",\"@id\":\"https:\/\/www.cservetech.com\/#website\",\"url\":\"https:\/\/www.cservetech.com\/\",\"name\":\"#1 Website Design, Software Development, Digital Marketing, Mobile Apps, IT company in India, Maputo, Mozambique, Africa\",\"description\":\"Cserve Technologies- Best Website and Software Development Company In India, Maputo, Mozambique, Africa\",\"publisher\":{\"@id\":\"https:\/\/www.cservetech.com\/#organization\"},\"alternateName\":\"Best Website Design, Software Development and Digital Marketing Company in India, Maputo, Mozambique, Africa\",\"potentialAction\":[{\"@type\":\"SearchAction\",\"target\":{\"@type\":\"EntryPoint\",\"urlTemplate\":\"https:\/\/www.cservetech.com\/?s={search_term_string}\"},\"query-input\":{\"@type\":\"PropertyValueSpecification\",\"valueRequired\":true,\"valueName\":\"search_term_string\"}}],\"inLanguage\":\"pt-PT\"},{\"@type\":\"Organization\",\"@id\":\"https:\/\/www.cservetech.com\/#organization\",\"name\":\"Cserve Technologies\",\"url\":\"https:\/\/www.cservetech.com\/\",\"logo\":{\"@type\":\"ImageObject\",\"inLanguage\":\"pt-PT\",\"@id\":\"https:\/\/www.cservetech.com\/#\/schema\/logo\/image\/\",\"url\":\"https:\/\/www.cservetech.com\/wp-content\/uploads\/2022\/02\/Favicon.png\",\"contentUrl\":\"https:\/\/www.cservetech.com\/wp-content\/uploads\/2022\/02\/Favicon.png\",\"width\":160,\"height\":210,\"caption\":\"Cserve Technologies\"},\"image\":{\"@id\":\"https:\/\/www.cservetech.com\/#\/schema\/logo\/image\/\"},\"sameAs\":[\"https:\/\/www.facebook.com\/cservetech\/\",\"https:\/\/x.com\/cserve9\",\"https:\/\/www.linkedin.com\/company\/cservetech\/\"]}]}<\/script>\n<!-- \/ Yoast SEO plugin. -->","yoast_head_json":{"title":"#1 Empresa de design de sites e desenvolvimento de software em Maputo, Mo\u00e7ambique, \u00c1frica - Tickets e suporte t\u00e9cnico na \u00cdndia e no exterior - #1 Design de sites, desenvolvimento de software, marketing digital, aplicativos m\u00f3veis, empresa de TI em Maputo, Mo\u00e7ambique, \u00c1frica","description":"A #1 IT Company of Mozambique oferece servi\u00e7os de design de sites, sites corporativos, sites de com\u00e9rcio eletr\u00f4nico, seguran\u00e7a cibern\u00e9tica, aplicativos m\u00f3veis, marketing digital e de m\u00eddia social, neg\u00f3cios, e-mails corporativos, dom\u00ednios, hospedagens e servidores a baixo custo. #1 Design de sites, desenvolvimento de software, marketing digital e aplicativos m\u00f3veis, empresa de TI em Maputo, Mo\u00e7ambique, \u00c1frica - Tickets e suporte t\u00e9cnico na \u00cdndia e no exterior.","robots":{"index":"index","follow":"follow","max-snippet":"max-snippet:-1","max-image-preview":"max-image-preview:large","max-video-preview":"max-video-preview:-1"},"canonical":"https:\/\/www.cservetech.com\/pt\/tickets-and-technical-support-india-and-international\/","og_locale":"pt_PT","og_type":"article","og_title":"#1 Website Design & Software Development Company in Maputo, Mozambique, Africa - Tickets and Technical Support India and International - #1 Website Design, Software Development, Digital Marketing, Mobile Apps, IT company in Maputo, Mozambique, Africa","og_description":"#1 IT Company of Mozambique is offering Website Design, Corporate Website, ecommerce websites, Cyber Security, Mobile Apps, Digital, Social Media Marketing, Business, Corporate Emails, Domain, Hostings, Servers, in low cost. #1 Website Design, Software Development, Digital Marketing, Mobile Apps, IT company in Maputo, Mozambique, Africa - Tickets and Technical Support India and International","og_url":"https:\/\/www.cservetech.com\/pt\/tickets-and-technical-support-india-and-international\/","og_site_name":"#1 Website Design, Software Development, Digital Marketing, Mobile Apps, IT company in Maputo, Mozambique, Africa","article_publisher":"https:\/\/www.facebook.com\/cservetech\/","article_modified_time":"2026-03-27T13:07:25+00:00","og_image":[{"width":400,"height":118,"url":"https:\/\/www.cservetech.com\/wp-content\/uploads\/2024\/04\/4018adb0-a163-44cb-85ce-35cfcd9e6cca-e1739533136262.jpeg","type":"image\/jpeg"}],"twitter_card":"summary_large_image","twitter_site":"@cserve9","twitter_misc":{"Tempo estimado de leitura":"1 minuto"},"schema":{"@context":"https:\/\/schema.org","@graph":[{"@type":"WebPage","@id":"https:\/\/www.cservetech.com\/tickets-and-technical-support-india-and-international\/","url":"https:\/\/www.cservetech.com\/tickets-and-technical-support-india-and-international\/","name":"#1 Empresa de design de sites e desenvolvimento de software em Maputo, Mo\u00e7ambique, \u00c1frica - Tickets e suporte t\u00e9cnico na \u00cdndia e no exterior - #1 Design de sites, desenvolvimento de software, marketing digital, aplicativos m\u00f3veis, empresa de TI em Maputo, Mo\u00e7ambique, \u00c1frica","isPartOf":{"@id":"https:\/\/www.cservetech.com\/#website"},"datePublished":"2025-06-24T06:21:22+00:00","dateModified":"2026-03-27T13:07:25+00:00","description":"A #1 IT Company of Mozambique oferece servi\u00e7os de design de sites, sites corporativos, sites de com\u00e9rcio eletr\u00f4nico, seguran\u00e7a cibern\u00e9tica, aplicativos m\u00f3veis, marketing digital e de m\u00eddia social, neg\u00f3cios, e-mails corporativos, dom\u00ednios, hospedagens e servidores a baixo custo. #1 Design de sites, desenvolvimento de software, marketing digital e aplicativos m\u00f3veis, empresa de TI em Maputo, Mo\u00e7ambique, \u00c1frica - Tickets e suporte t\u00e9cnico na \u00cdndia e no exterior.","breadcrumb":{"@id":"https:\/\/www.cservetech.com\/tickets-and-technical-support-india-and-international\/#breadcrumb"},"inLanguage":"pt-PT","potentialAction":[{"@type":"ReadAction","target":["https:\/\/www.cservetech.com\/tickets-and-technical-support-india-and-international\/"]}]},{"@type":"BreadcrumbList","@id":"https:\/\/www.cservetech.com\/tickets-and-technical-support-india-and-international\/#breadcrumb","itemListElement":[{"@type":"ListItem","position":1,"name":"|","item":"https:\/\/www.cservetech.com\/"},{"@type":"ListItem","position":2,"name":"Tickets and Technical Support India and International"}]},{"@type":"WebSite","@id":"https:\/\/www.cservetech.com\/#website","url":"https:\/\/www.cservetech.com\/","name":"#1 Design de sites, desenvolvimento de software, marketing digital, aplicativos m\u00f3veis, empresa de TI na \u00cdndia, Maputo, Mo\u00e7ambique, \u00c1frica","description":"Cserve Technologies - Melhor empresa de desenvolvimento de sites e software na \u00cdndia, Maputo, Mo\u00e7ambique e \u00c1frica","publisher":{"@id":"https:\/\/www.cservetech.com\/#organization"},"alternateName":"Best Website Design, Software Development and Digital Marketing Company in India, Maputo, Mozambique, Africa","potentialAction":[{"@type":"SearchAction","target":{"@type":"EntryPoint","urlTemplate":"https:\/\/www.cservetech.com\/?s={search_term_string}"},"query-input":{"@type":"PropertyValueSpecification","valueRequired":true,"valueName":"search_term_string"}}],"inLanguage":"pt-PT"},{"@type":"Organization","@id":"https:\/\/www.cservetech.com\/#organization","name":"Cserv Technologies","url":"https:\/\/www.cservetech.com\/","logo":{"@type":"ImageObject","inLanguage":"pt-PT","@id":"https:\/\/www.cservetech.com\/#\/schema\/logo\/image\/","url":"https:\/\/www.cservetech.com\/wp-content\/uploads\/2022\/02\/Favicon.png","contentUrl":"https:\/\/www.cservetech.com\/wp-content\/uploads\/2022\/02\/Favicon.png","width":160,"height":210,"caption":"Cserve Technologies"},"image":{"@id":"https:\/\/www.cservetech.com\/#\/schema\/logo\/image\/"},"sameAs":["https:\/\/www.facebook.com\/cservetech\/","https:\/\/x.com\/cserve9","https:\/\/www.linkedin.com\/company\/cservetech\/"]}]}},"_links":{"self":[{"href":"https:\/\/www.cservetech.com\/pt\/wp-json\/wp\/v2\/pages\/36604","targetHints":{"allow":["GET"]}}],"collection":[{"href":"https:\/\/www.cservetech.com\/pt\/wp-json\/wp\/v2\/pages"}],"about":[{"href":"https:\/\/www.cservetech.com\/pt\/wp-json\/wp\/v2\/types\/page"}],"author":[{"embeddable":true,"href":"https:\/\/www.cservetech.com\/pt\/wp-json\/wp\/v2\/users\/1"}],"replies":[{"embeddable":true,"href":"https:\/\/www.cservetech.com\/pt\/wp-json\/wp\/v2\/comments?post=36604"}],"version-history":[{"count":15,"href":"https:\/\/www.cservetech.com\/pt\/wp-json\/wp\/v2\/pages\/36604\/revisions"}],"predecessor-version":[{"id":39867,"href":"https:\/\/www.cservetech.com\/pt\/wp-json\/wp\/v2\/pages\/36604\/revisions\/39867"}],"wp:attachment":[{"href":"https:\/\/www.cservetech.com\/pt\/wp-json\/wp\/v2\/media?parent=36604"}],"curies":[{"name":"wp","href":"https:\/\/api.w.org\/{rel}","templated":true}]}}