{"id":37129,"date":"2025-07-04T07:33:11","date_gmt":"2025-07-04T05:33:11","guid":{"rendered":"https:\/\/www.cservetech.com\/?page_id=37129"},"modified":"2025-07-26T13:27:17","modified_gmt":"2025-07-26T11:27:17","slug":"shipping-and-exchange","status":"publish","type":"page","link":"https:\/\/www.cservetech.com\/pt\/shipping-and-exchange\/","title":{"rendered":"Envio e troca"},"content":{"rendered":"<div data-elementor-type=\"wp-page\" data-elementor-id=\"37129\" class=\"elementor elementor-37129\" data-elementor-post-type=\"page\">\n\t\t\t\t\t\t<section data-particle_enable=\"false\" data-particle-mobile-disabled=\"false\" class=\"elementor-section elementor-top-section elementor-element elementor-element-57e91ad elementor-section-boxed elementor-section-height-default elementor-section-height-default\" data-id=\"57e91ad\" data-element_type=\"section\">\n\t\t\t\t\t\t<div class=\"elementor-container elementor-column-gap-default\">\n\t\t\t\t\t<div class=\"elementor-column elementor-col-100 elementor-top-column elementor-element elementor-element-d547b8d\" data-id=\"d547b8d\" data-element_type=\"column\">\n\t\t\t<div class=\"elementor-widget-wrap elementor-element-populated\">\n\t\t\t\t\t\t<div class=\"elementor-element elementor-element-6fa4427 elementor-widget elementor-widget-text-editor\" data-id=\"6fa4427\" data-element_type=\"widget\" data-widget_type=\"text-editor.default\">\n\t\t\t\t<div class=\"elementor-widget-container\">\n\t\t\t\t\t\t\t\t\t<p>No <b>Cserv Technologies<\/b>, somos especializados em fornecer alta qualidade <b>servi\u00e7os digitais<\/b> como solu\u00e7\u00f5es de software, consultoria de TI e marketing digital. Embora n\u00e3o enviemos produtos f\u00edsicos, garantimos a entrega tranquila, r\u00e1pida e segura de todos os produtos digitais.<\/p><h6><b>Pol\u00edtica de Envio (Somente Entrega Digital)<\/b><\/h6><ul><li><b>Modo de entrega<\/b>:Todos os produtos entregues, incluindo relat\u00f3rios, arquivos, compila\u00e7\u00f5es de software e outros ativos, s\u00e3o entregues eletronicamente por meio de:<br \/><br \/><ul><li>E-mail (para o endere\u00e7o do cliente registrado)<\/li><li>Painel de cliente seguro ou link de nuvem compartilhado (Google Drive, Dropbox, etc.)<\/li><li>Plataformas de gerenciamento de projetos (por exemplo, Trello, Asana ou Slack), conforme acordado com o cliente.<br \/><br \/><\/li><\/ul><\/li><li><b>Cronograma de entrega<\/b>: Os prazos variam dependendo do escopo do projeto e s\u00e3o comunicados durante o processo de integra\u00e7\u00e3o. O prazo padr\u00e3o para tarefas menores \u00e9 <b>3-5 dias \u00fateis<\/b>, enquanto projetos maiores podem levar mais tempo.<br \/><br \/><\/li><li><b>Sem envio f\u00edsico<\/b>:Como a Cserve Technologies oferece <b>apenas servi\u00e7os digitais<\/b>, n\u00e3o h\u00e1 envio de produtos f\u00edsicos. Todas as transa\u00e7\u00f5es e entregas s\u00e3o realizadas online.<\/li><\/ul><h6><b>Pol\u00edtica de Troca e Retrabalho<\/b><\/h6><ul><li><b>Sem troca por entregas personalizadas<\/b>:Devido \u00e0 natureza personalizada e espec\u00edfica do projeto dos nossos servi\u00e7os, <b>n\u00e3o oferecemos trocas ou substitui\u00e7\u00f5es<\/b> assim que um produto digital for enviado. Isso inclui:<br \/><br \/><ul><li>Software\/c\u00f3digo personalizado<\/li><li>Estrat\u00e9gias ou relat\u00f3rios de marketing<\/li><li>Arquivos de design de UI\/UX<p>\u00a0<\/p><\/li><\/ul><\/li><li><b>Retrabalho e revis\u00f5es<\/b>: A satisfa\u00e7\u00e3o do cliente \u00e9 a nossa prioridade. Oferecemos uma <b>janela de revis\u00e3o limitada<\/b> (conforme estabelecido no seu contrato de servi\u00e7o ou pacote) para garantir que as entregas finais atendam \u00e0s suas expectativas. O retrabalho s\u00f3 ser\u00e1 aplic\u00e1vel se:<br \/><br \/><ul><li>O escopo original do projeto permanece inalterado<\/li><li>A solicita\u00e7\u00e3o \u00e9 feita dentro do prazo de revis\u00e3o (geralmente 7 dias a partir da entrega)<br \/><br \/><\/li><\/ul><\/li><li><b>Solicita\u00e7\u00f5es fora do escopo<\/b>: Quaisquer edi\u00e7\u00f5es ou altera\u00e7\u00f5es al\u00e9m do escopo acordado ser\u00e3o tratadas como uma nova solicita\u00e7\u00e3o de servi\u00e7o e cobradas conforme necess\u00e1rio.<p>\u00a0<\/p><\/li><\/ul><h6><b>Garantia de satisfa\u00e7\u00e3o do cliente<\/b><\/h6><p>Nosso objetivo \u00e9 fornecer servi\u00e7os transparentes e integrados <b>presta\u00e7\u00e3o de servi\u00e7os digitais<\/b>. Comunica\u00e7\u00e3o clara, atualiza\u00e7\u00f5es oportunas e suporte p\u00f3s-entrega fazem parte do nosso processo para garantir que sua experi\u00eancia com a Cserve Technologies seja excepcional.<\/p><p>Caso tenha alguma d\u00favida sobre suas entregas, entre em contato conosco em:<br \/><a href=\"mailto:africa@www.cservetech.com\"><b>\u00e1frica@www.cservetech.com<\/b><\/a><b>, <\/b><a href=\"mailto:india@www.cservetech.com\"><b>\u00edndia@www.cservetech.com<\/b><\/a><\/p>\t\t\t\t\t\t\t\t<\/div>\n\t\t\t\t<\/div>\n\t\t\t\t\t<\/div>\n\t\t<\/div>\n\t\t\t\t\t<\/div>\n\t\t<\/section>\n\t\t\t\t<\/div>","protected":false},"excerpt":{"rendered":"<p>Na Cserve Technologies, somos especializados em fornecer servi\u00e7os digitais de alta qualidade, como solu\u00e7\u00f5es de software, consultoria de TI e marketing digital. Embora n\u00e3o enviemos produtos f\u00edsicos, garantimos a entrega \u00e1gil, segura e sem problemas de todos os materiais digitais. Pol\u00edtica de Envio (Somente Entrega Digital) Modalidade de Entrega: Todos os materiais \u2014 incluindo relat\u00f3rios, arquivos, vers\u00f5es de software e outros ativos \u2014 s\u00e3o entregues eletronicamente [\u2026]<\/p>","protected":false},"author":1,"featured_media":0,"parent":0,"menu_order":0,"comment_status":"closed","ping_status":"closed","template":"elementor_header_footer","meta":{"_acf_changed":false,"footnotes":""},"class_list":["post-37129","page","type-page","status-publish","hentry"],"acf":[],"yoast_head":"<!-- This site is optimized with the Yoast SEO plugin v26.3 - https:\/\/yoast.com\/wordpress\/plugins\/seo\/ -->\n<title>Shipping &amp; Exchange Policy- Cserve Technologie<\/title>\n<meta name=\"description\" content=\"Cserve Technologies ensures prompt digital service delivery via email or dashboard. No physical shipping; custom deliverables are non-exchangeable or non-returnable.#1 Website Design, Software Development, Digital Marketing, Mobile Apps, IT company in Maputo, Mozambique, Africa - Shipping and Exchange\" \/>\n<meta name=\"robots\" content=\"index, follow, max-snippet:-1, max-image-preview:large, max-video-preview:-1\" \/>\n<link rel=\"canonical\" href=\"https:\/\/www.cservetech.com\/pt\/shipping-and-exchange\/\" \/>\n<meta property=\"og:locale\" content=\"pt_PT\" \/>\n<meta property=\"og:type\" content=\"article\" \/>\n<meta property=\"og:title\" content=\"Shipping &amp; Exchange Policy- Cserve Technologie\" \/>\n<meta property=\"og:description\" content=\"Cserve Technologies ensures prompt digital service delivery via email or dashboard. No physical shipping; custom deliverables are non-exchangeable or non-returnable.#1 Website Design, Software Development, Digital Marketing, Mobile Apps, IT company in Maputo, Mozambique, Africa - Shipping and Exchange\" \/>\n<meta property=\"og:url\" content=\"https:\/\/www.cservetech.com\/pt\/shipping-and-exchange\/\" \/>\n<meta property=\"og:site_name\" content=\"#1 Website Design, Software Development, Digital Marketing, Mobile Apps, IT company in Maputo, Mozambique, Africa\" \/>\n<meta property=\"article:publisher\" content=\"https:\/\/www.facebook.com\/cservetech\/\" \/>\n<meta property=\"article:modified_time\" content=\"2025-07-26T11:27:17+00:00\" \/>\n<meta property=\"og:image\" content=\"https:\/\/www.cservetech.com\/wp-content\/uploads\/2024\/04\/4018adb0-a163-44cb-85ce-35cfcd9e6cca-e1739533136262.jpeg\" \/>\n\t<meta property=\"og:image:width\" content=\"400\" \/>\n\t<meta property=\"og:image:height\" content=\"118\" \/>\n\t<meta property=\"og:image:type\" content=\"image\/jpeg\" \/>\n<meta name=\"twitter:card\" content=\"summary_large_image\" \/>\n<meta name=\"twitter:site\" content=\"@cserve9\" \/>\n<meta name=\"twitter:label1\" content=\"Tempo estimado de leitura\" \/>\n\t<meta name=\"twitter:data1\" content=\"2 minutos\" \/>\n<script type=\"application\/ld+json\" class=\"yoast-schema-graph\">{\"@context\":\"https:\/\/schema.org\",\"@graph\":[{\"@type\":\"WebPage\",\"@id\":\"https:\/\/www.cservetech.com\/shipping-and-exchange\/\",\"url\":\"https:\/\/www.cservetech.com\/shipping-and-exchange\/\",\"name\":\"Shipping & Exchange Policy- Cserve Technologie\",\"isPartOf\":{\"@id\":\"https:\/\/www.cservetech.com\/#website\"},\"datePublished\":\"2025-07-04T05:33:11+00:00\",\"dateModified\":\"2025-07-26T11:27:17+00:00\",\"description\":\"Cserve Technologies ensures prompt digital service delivery via email or dashboard. No physical shipping; custom deliverables are non-exchangeable or non-returnable.#1 Website Design, Software Development, Digital Marketing, Mobile Apps, IT company in Maputo, Mozambique, Africa - Shipping and Exchange\",\"breadcrumb\":{\"@id\":\"https:\/\/www.cservetech.com\/shipping-and-exchange\/#breadcrumb\"},\"inLanguage\":\"pt-PT\",\"potentialAction\":[{\"@type\":\"ReadAction\",\"target\":[\"https:\/\/www.cservetech.com\/shipping-and-exchange\/\"]}]},{\"@type\":\"BreadcrumbList\",\"@id\":\"https:\/\/www.cservetech.com\/shipping-and-exchange\/#breadcrumb\",\"itemListElement\":[{\"@type\":\"ListItem\",\"position\":1,\"name\":\"|\",\"item\":\"https:\/\/www.cservetech.com\/\"},{\"@type\":\"ListItem\",\"position\":2,\"name\":\"Shipping and Exchange\"}]},{\"@type\":\"WebSite\",\"@id\":\"https:\/\/www.cservetech.com\/#website\",\"url\":\"https:\/\/www.cservetech.com\/\",\"name\":\"#1 Website Design, Software Development, Digital Marketing, Mobile Apps, IT company in India, Maputo, Mozambique, Africa\",\"description\":\"Cserve Technologies- Best Website and Software Development Company In India, Maputo, Mozambique, Africa\",\"publisher\":{\"@id\":\"https:\/\/www.cservetech.com\/#organization\"},\"alternateName\":\"Best Website Design, Software Development and Digital Marketing Company in India, Maputo, Mozambique, Africa\",\"potentialAction\":[{\"@type\":\"SearchAction\",\"target\":{\"@type\":\"EntryPoint\",\"urlTemplate\":\"https:\/\/www.cservetech.com\/?s={search_term_string}\"},\"query-input\":{\"@type\":\"PropertyValueSpecification\",\"valueRequired\":true,\"valueName\":\"search_term_string\"}}],\"inLanguage\":\"pt-PT\"},{\"@type\":\"Organization\",\"@id\":\"https:\/\/www.cservetech.com\/#organization\",\"name\":\"Cserve Technologies\",\"url\":\"https:\/\/www.cservetech.com\/\",\"logo\":{\"@type\":\"ImageObject\",\"inLanguage\":\"pt-PT\",\"@id\":\"https:\/\/www.cservetech.com\/#\/schema\/logo\/image\/\",\"url\":\"https:\/\/www.cservetech.com\/wp-content\/uploads\/2022\/02\/Favicon.png\",\"contentUrl\":\"https:\/\/www.cservetech.com\/wp-content\/uploads\/2022\/02\/Favicon.png\",\"width\":160,\"height\":210,\"caption\":\"Cserve Technologies\"},\"image\":{\"@id\":\"https:\/\/www.cservetech.com\/#\/schema\/logo\/image\/\"},\"sameAs\":[\"https:\/\/www.facebook.com\/cservetech\/\",\"https:\/\/x.com\/cserve9\",\"https:\/\/www.linkedin.com\/company\/cservetech\/\"]}]}<\/script>\n<!-- \/ Yoast SEO plugin. -->","yoast_head_json":{"title":"Pol\u00edtica de Envio e Troca - Cserve Technology","description":"A Cserve Technologies garante a entrega r\u00e1pida de servi\u00e7os digitais via e-mail ou painel de controle. N\u00e3o h\u00e1 envio f\u00edsico; produtos personalizados n\u00e3o s\u00e3o pass\u00edveis de troca ou devolu\u00e7\u00e3o. #1 Design de Websites, Desenvolvimento de Software, Marketing Digital, Aplicativos M\u00f3veis, Empresa de TI em Maputo, Mo\u00e7ambique, \u00c1frica - Envio e Troca","robots":{"index":"index","follow":"follow","max-snippet":"max-snippet:-1","max-image-preview":"max-image-preview:large","max-video-preview":"max-video-preview:-1"},"canonical":"https:\/\/www.cservetech.com\/pt\/shipping-and-exchange\/","og_locale":"pt_PT","og_type":"article","og_title":"Shipping & Exchange Policy- Cserve Technologie","og_description":"Cserve Technologies ensures prompt digital service delivery via email or dashboard. No physical shipping; custom deliverables are non-exchangeable or non-returnable.#1 Website Design, Software Development, Digital Marketing, Mobile Apps, IT company in Maputo, Mozambique, Africa - Shipping and Exchange","og_url":"https:\/\/www.cservetech.com\/pt\/shipping-and-exchange\/","og_site_name":"#1 Website Design, Software Development, Digital Marketing, Mobile Apps, IT company in Maputo, Mozambique, Africa","article_publisher":"https:\/\/www.facebook.com\/cservetech\/","article_modified_time":"2025-07-26T11:27:17+00:00","og_image":[{"width":400,"height":118,"url":"https:\/\/www.cservetech.com\/wp-content\/uploads\/2024\/04\/4018adb0-a163-44cb-85ce-35cfcd9e6cca-e1739533136262.jpeg","type":"image\/jpeg"}],"twitter_card":"summary_large_image","twitter_site":"@cserve9","twitter_misc":{"Tempo estimado de leitura":"2 minutos"},"schema":{"@context":"https:\/\/schema.org","@graph":[{"@type":"WebPage","@id":"https:\/\/www.cservetech.com\/shipping-and-exchange\/","url":"https:\/\/www.cservetech.com\/shipping-and-exchange\/","name":"Pol\u00edtica de Envio e Troca - Cserve Technology","isPartOf":{"@id":"https:\/\/www.cservetech.com\/#website"},"datePublished":"2025-07-04T05:33:11+00:00","dateModified":"2025-07-26T11:27:17+00:00","description":"A Cserve Technologies garante a entrega r\u00e1pida de servi\u00e7os digitais via e-mail ou painel de controle. N\u00e3o h\u00e1 envio f\u00edsico; produtos personalizados n\u00e3o s\u00e3o pass\u00edveis de troca ou devolu\u00e7\u00e3o. #1 Design de Websites, Desenvolvimento de Software, Marketing Digital, Aplicativos M\u00f3veis, Empresa de TI em Maputo, Mo\u00e7ambique, \u00c1frica - Envio e Troca","breadcrumb":{"@id":"https:\/\/www.cservetech.com\/shipping-and-exchange\/#breadcrumb"},"inLanguage":"pt-PT","potentialAction":[{"@type":"ReadAction","target":["https:\/\/www.cservetech.com\/shipping-and-exchange\/"]}]},{"@type":"BreadcrumbList","@id":"https:\/\/www.cservetech.com\/shipping-and-exchange\/#breadcrumb","itemListElement":[{"@type":"ListItem","position":1,"name":"|","item":"https:\/\/www.cservetech.com\/"},{"@type":"ListItem","position":2,"name":"Shipping and Exchange"}]},{"@type":"WebSite","@id":"https:\/\/www.cservetech.com\/#website","url":"https:\/\/www.cservetech.com\/","name":"#1 Design de sites, desenvolvimento de software, marketing digital, aplicativos m\u00f3veis, empresa de TI na \u00cdndia, Maputo, Mo\u00e7ambique, \u00c1frica","description":"Cserve Technologies - Melhor empresa de desenvolvimento de sites e software na \u00cdndia, Maputo, Mo\u00e7ambique e \u00c1frica","publisher":{"@id":"https:\/\/www.cservetech.com\/#organization"},"alternateName":"Best Website Design, Software Development and Digital Marketing Company in India, Maputo, Mozambique, Africa","potentialAction":[{"@type":"SearchAction","target":{"@type":"EntryPoint","urlTemplate":"https:\/\/www.cservetech.com\/?s={search_term_string}"},"query-input":{"@type":"PropertyValueSpecification","valueRequired":true,"valueName":"search_term_string"}}],"inLanguage":"pt-PT"},{"@type":"Organization","@id":"https:\/\/www.cservetech.com\/#organization","name":"Cserv Technologies","url":"https:\/\/www.cservetech.com\/","logo":{"@type":"ImageObject","inLanguage":"pt-PT","@id":"https:\/\/www.cservetech.com\/#\/schema\/logo\/image\/","url":"https:\/\/www.cservetech.com\/wp-content\/uploads\/2022\/02\/Favicon.png","contentUrl":"https:\/\/www.cservetech.com\/wp-content\/uploads\/2022\/02\/Favicon.png","width":160,"height":210,"caption":"Cserve Technologies"},"image":{"@id":"https:\/\/www.cservetech.com\/#\/schema\/logo\/image\/"},"sameAs":["https:\/\/www.facebook.com\/cservetech\/","https:\/\/x.com\/cserve9","https:\/\/www.linkedin.com\/company\/cservetech\/"]}]}},"_links":{"self":[{"href":"https:\/\/www.cservetech.com\/pt\/wp-json\/wp\/v2\/pages\/37129","targetHints":{"allow":["GET"]}}],"collection":[{"href":"https:\/\/www.cservetech.com\/pt\/wp-json\/wp\/v2\/pages"}],"about":[{"href":"https:\/\/www.cservetech.com\/pt\/wp-json\/wp\/v2\/types\/page"}],"author":[{"embeddable":true,"href":"https:\/\/www.cservetech.com\/pt\/wp-json\/wp\/v2\/users\/1"}],"replies":[{"embeddable":true,"href":"https:\/\/www.cservetech.com\/pt\/wp-json\/wp\/v2\/comments?post=37129"}],"version-history":[{"count":0,"href":"https:\/\/www.cservetech.com\/pt\/wp-json\/wp\/v2\/pages\/37129\/revisions"}],"wp:attachment":[{"href":"https:\/\/www.cservetech.com\/pt\/wp-json\/wp\/v2\/media?parent=37129"}],"curies":[{"name":"wp","href":"https:\/\/api.w.org\/{rel}","templated":true}]}}